{"id":2953,"date":"2025-05-27T05:04:39","date_gmt":"2025-05-27T05:04:39","guid":{"rendered":"https:\/\/new.totalextensions.ca\/produit\/pinces-professionnelles-pour-extensions-de-cils\/"},"modified":"2025-05-27T05:04:39","modified_gmt":"2025-05-27T05:04:39","slug":"pinces-professionnelles-pour-extensions-de-cils","status":"publish","type":"product","link":"https:\/\/totalextensions.ca\/en\/produit\/pinces-professionnelles-pour-extensions-de-cils\/","title":{"rendered":"Pinces professionnelles pour extensions de cils"},"content":{"rendered":"","protected":false},"excerpt":{"rendered":"<p>Ces pinces ultra-fines et pr\u00e9cises sont un must pour toutes les techniques d&#8217;extension de cils. Elles sont incroyables pour pr\u00e9lever les extensions les plus difficiles, pour isoler les cils naturels ou pour cr\u00e9er les plus beaux \u00e9ventails en pose volume. Vous trouverez certainement la forme parfaite pour vous!<\/p>\n<p>Tout ce que vous avez besoin de savoir sur nos pinces est ici :\u00a0<a href=\"https:\/\/www.totalextensionslash.com\/2019\/01\/22\/les-meilleures-pinces-pour-extensions-de-cils\/?lang=fr\">Les meilleures pinces pour extensions de cils<\/a><\/p>\n<ul>\n<li>Le motif en losanges am\u00e9liore la prise, ce qui pr\u00e9vient le glissement des mains.<\/li>\n<li>L\u00e9ger pour un travail confortable. Pr\u00e9vient la fatigue des mains, des poignets et des bras.<\/li>\n<li>Acier inoxydable allemand chirurgical de haute qualit\u00e9.<\/li>\n<li>Ultra pr\u00e9cis, pour une pose facile et rapide des cils!<\/li>\n<li>14 cm \/ 5.5 po<\/li>\n<li>Argent brillant<\/li>\n<\/ul>\n","protected":false},"featured_media":1833,"template":"","meta":[],"product_brand":[],"product_cat":[472,473,413],"product_tag":[645,637,638,639],"class_list":{"0":"post-2953","1":"product","2":"type-product","3":"status-publish","4":"has-post-thumbnail","6":"product_cat-outils-professionnels-pinces-et-accessoires-reutilisables-en","7":"product_cat-outils-pinces-et-accessoires-dextensions-de-cils-en","8":"product_cat-tous-les-produits-en","9":"product_tag-pinces-droites-en","10":"product_tag-pinces-en-acier-inoxydable-en","11":"product_tag-pinces-extensions-de-cils-en","12":"product_tag-pinces-professionnelles-en","14":"first","15":"instock","16":"taxable","17":"shipping-taxable","18":"product-type-grouped"},"jetpack_sharing_enabled":true,"_links":{"self":[{"href":"https:\/\/totalextensions.ca\/en\/wp-json\/wp\/v2\/product\/2953","targetHints":{"allow":["GET"]}}],"collection":[{"href":"https:\/\/totalextensions.ca\/en\/wp-json\/wp\/v2\/product"}],"about":[{"href":"https:\/\/totalextensions.ca\/en\/wp-json\/wp\/v2\/types\/product"}],"wp:featuredmedia":[{"embeddable":true,"href":"https:\/\/totalextensions.ca\/en\/wp-json\/wp\/v2\/media\/1833"}],"wp:attachment":[{"href":"https:\/\/totalextensions.ca\/en\/wp-json\/wp\/v2\/media?parent=2953"}],"wp:term":[{"taxonomy":"product_brand","embeddable":true,"href":"https:\/\/totalextensions.ca\/en\/wp-json\/wp\/v2\/product_brand?post=2953"},{"taxonomy":"product_cat","embeddable":true,"href":"https:\/\/totalextensions.ca\/en\/wp-json\/wp\/v2\/product_cat?post=2953"},{"taxonomy":"product_tag","embeddable":true,"href":"https:\/\/totalextensions.ca\/en\/wp-json\/wp\/v2\/product_tag?post=2953"}],"curies":[{"name":"wp","href":"https:\/\/api.w.org\/{rel}","templated":true}]}}