{"id":2908,"date":"2025-05-27T05:04:40","date_gmt":"2025-05-27T05:04:40","guid":{"rendered":"https:\/\/new.totalextensions.ca\/produit\/total-classique-pinces-droites-pointues-pour-extensions-de-cils\/"},"modified":"2025-05-27T05:04:40","modified_gmt":"2025-05-27T05:04:40","slug":"total-classique-pinces-droites-pointues-pour-extensions-de-cils","status":"publish","type":"product","link":"https:\/\/totalextensions.ca\/en\/produit\/total-classique-pinces-droites-pointues-pour-extensions-de-cils\/","title":{"rendered":"Total Classique &#8211; Pinces droites pointues pour extensions de cils"},"content":{"rendered":"","protected":false},"excerpt":{"rendered":"<p>Pinces droites pour extensions de cils.<\/p>\n<p>Ces pinces droites haute pr\u00e9cision \u00e0 pointe effil\u00e9e aiguis\u00e9e \u00e0 la perfection prendra rapidement et facilement toutes les extensions de cils, y compris les plus petites, les plus fines et&#8230; les plus r\u00e9calcitrantes! \ud83d\ude09<\/p>\n<ul>\n<li>Taille: 14 cm \/ 5,5 pouces<\/li>\n<li>Pour les techniques d&#8217;extension de cils classiques ou simples (cil \u00e0 cil).<\/li>\n<li>Le motif en losange am\u00e9liore la prise pour une meilleure maniabilit\u00e9 et plus de stabilit\u00e9 (ne glisse pas des mains).<\/li>\n<li>L\u00e9ger pour un travail confortable.<\/li>\n<li>Emp\u00eache la fatigue des mains, poignets et bras.<\/li>\n<li>Acier inoxydable allemand chirurgical de haute qualit\u00e9 avec une finition brillante argent\u00e9e.<\/li>\n<li>Ultra pr\u00e9cise, pour une pose facile et rapide des extensions de cils!<\/li>\n<\/ul>\n","protected":false},"featured_media":2077,"template":"","meta":[],"product_brand":[],"product_cat":[472,473],"product_tag":[645,637,638,639],"class_list":{"0":"post-2908","1":"product","2":"type-product","3":"status-publish","4":"has-post-thumbnail","6":"product_cat-outils-professionnels-pinces-et-accessoires-reutilisables-en","7":"product_cat-outils-pinces-et-accessoires-dextensions-de-cils-en","8":"product_tag-pinces-droites-en","9":"product_tag-pinces-en-acier-inoxydable-en","10":"product_tag-pinces-extensions-de-cils-en","11":"product_tag-pinces-professionnelles-en","13":"first","14":"instock","15":"taxable","16":"shipping-taxable","17":"purchasable","18":"product-type-simple"},"jetpack_sharing_enabled":true,"_links":{"self":[{"href":"https:\/\/totalextensions.ca\/en\/wp-json\/wp\/v2\/product\/2908","targetHints":{"allow":["GET"]}}],"collection":[{"href":"https:\/\/totalextensions.ca\/en\/wp-json\/wp\/v2\/product"}],"about":[{"href":"https:\/\/totalextensions.ca\/en\/wp-json\/wp\/v2\/types\/product"}],"wp:featuredmedia":[{"embeddable":true,"href":"https:\/\/totalextensions.ca\/en\/wp-json\/wp\/v2\/media\/2077"}],"wp:attachment":[{"href":"https:\/\/totalextensions.ca\/en\/wp-json\/wp\/v2\/media?parent=2908"}],"wp:term":[{"taxonomy":"product_brand","embeddable":true,"href":"https:\/\/totalextensions.ca\/en\/wp-json\/wp\/v2\/product_brand?post=2908"},{"taxonomy":"product_cat","embeddable":true,"href":"https:\/\/totalextensions.ca\/en\/wp-json\/wp\/v2\/product_cat?post=2908"},{"taxonomy":"product_tag","embeddable":true,"href":"https:\/\/totalextensions.ca\/en\/wp-json\/wp\/v2\/product_tag?post=2908"}],"curies":[{"name":"wp","href":"https:\/\/api.w.org\/{rel}","templated":true}]}}