{"id":2906,"date":"2025-05-27T05:04:40","date_gmt":"2025-05-27T05:04:40","guid":{"rendered":"https:\/\/new.totalextensions.ca\/produit\/total-fan-pinces-courbees-a-prise-precise-pour-pose-dextensions-de-cils-volume\/"},"modified":"2025-05-27T05:04:40","modified_gmt":"2025-05-27T05:04:40","slug":"total-fan-pinces-courbees-a-prise-precise-pour-pose-dextensions-de-cils-volume","status":"publish","type":"product","link":"https:\/\/totalextensions.ca\/en\/produit\/total-fan-pinces-courbees-a-prise-precise-pour-pose-dextensions-de-cils-volume\/","title":{"rendered":"Total Fan &#8211; Pinces courb\u00e9es \u00e0 prise pr\u00e9cise pour pose d&#8217;extensions de cils volume"},"content":{"rendered":"<p><br data-mce-bogus=\"1\"><\/p>\n","protected":false},"excerpt":{"rendered":"<p>Pinces pour extensions de cils volume.<\/p>\n<p>Ces pinces pour extensions de cils professionnelles en acier inoxydable de haute qualit\u00e9 sont con\u00e7ues pour cr\u00e9er facilement les plus beaux bouquets ou \u00e9ventails lors de vos poses volume\/3D<\/p>\n<p>**Voir nos autre excellentes pinces ici :\u00a0<a href=\"https:\/\/www.totalextensionslash.com\/product\/pinces-professionnelles-pour-extensions-de-cils\/?lang=fr\">Pinces professionnelles pour extensions de cils<\/a><\/p>\n<ul>\n<li>Taille: 14 cm \/ 5,5 pouces<\/li>\n<li>Pour les techniques d&#8217;extension de cils volume.<\/li>\n<li>Con\u00e7ue pour aider \u00e0 cr\u00e9er plus facilement les bouquets de 3 extensions ou plus.<\/li>\n<li>Le motif en losange am\u00e9liore la prise pour une meilleure maniabilit\u00e9 et plus de stabilit\u00e9 (ne glisse pas des mains).<\/li>\n<li>L\u00e9ger pour un travail confortable.<\/li>\n<li>Emp\u00eache la fatigue des mains, poignets et bras.<\/li>\n<li>Acier inoxydable allemand chirurgical de haute qualit\u00e9 avec une finition brillante argent\u00e9e.<\/li>\n<li>Ultra pr\u00e9cise, pour une pose facile et rapide des bouquets d&#8217;extensions.<\/li>\n<\/ul>\n<p>**Vous ne savez toujours pas quelle pince choisir? Consultez notre guide complet ici :\u00a0<a href=\"https:\/\/www.totalextensionslash.com\/2019\/01\/22\/les-meilleures-pinces-pour-extensions-de-cils\/?lang=fr\">Les meilleures pinces pour extensions de cils<\/a><\/p>\n","protected":false},"featured_media":1845,"template":"","meta":[],"product_brand":[],"product_cat":[472,473],"product_tag":[636,638,642,644],"class_list":{"0":"post-2906","1":"product","2":"type-product","3":"status-publish","4":"has-post-thumbnail","6":"product_cat-outils-professionnels-pinces-et-accessoires-reutilisables-en","7":"product_cat-outils-pinces-et-accessoires-dextensions-de-cils-en","8":"product_tag-pinces-courbees-en","9":"product_tag-pinces-extensions-de-cils-en","10":"product_tag-pinces-extensions-de-cils-volume-en","11":"product_tag-pinces-pour-bouquets-dextensions-de-cils-en","13":"first","14":"outofstock","15":"featured","16":"taxable","17":"shipping-taxable","18":"purchasable","19":"product-type-simple"},"jetpack_sharing_enabled":true,"_links":{"self":[{"href":"https:\/\/totalextensions.ca\/en\/wp-json\/wp\/v2\/product\/2906","targetHints":{"allow":["GET"]}}],"collection":[{"href":"https:\/\/totalextensions.ca\/en\/wp-json\/wp\/v2\/product"}],"about":[{"href":"https:\/\/totalextensions.ca\/en\/wp-json\/wp\/v2\/types\/product"}],"wp:featuredmedia":[{"embeddable":true,"href":"https:\/\/totalextensions.ca\/en\/wp-json\/wp\/v2\/media\/1845"}],"wp:attachment":[{"href":"https:\/\/totalextensions.ca\/en\/wp-json\/wp\/v2\/media?parent=2906"}],"wp:term":[{"taxonomy":"product_brand","embeddable":true,"href":"https:\/\/totalextensions.ca\/en\/wp-json\/wp\/v2\/product_brand?post=2906"},{"taxonomy":"product_cat","embeddable":true,"href":"https:\/\/totalextensions.ca\/en\/wp-json\/wp\/v2\/product_cat?post=2906"},{"taxonomy":"product_tag","embeddable":true,"href":"https:\/\/totalextensions.ca\/en\/wp-json\/wp\/v2\/product_tag?post=2906"}],"curies":[{"name":"wp","href":"https:\/\/api.w.org\/{rel}","templated":true}]}}