{"id":2895,"date":"2025-05-27T05:05:34","date_gmt":"2025-05-27T05:05:34","guid":{"rendered":"https:\/\/new.totalextensions.ca\/produit\/total-wands-mousse-applicateurs-jetables-a-embout-mousse-floquee\/"},"modified":"2025-05-27T05:05:34","modified_gmt":"2025-05-27T05:05:34","slug":"total-wands-mousse-applicateurs-jetables-a-embout-mousse-floquee","status":"publish","type":"product","link":"https:\/\/totalextensions.ca\/en\/produit\/total-wands-mousse-applicateurs-jetables-a-embout-mousse-floquee\/","title":{"rendered":"Total Wands Mousse &#8211; Applicateurs jetables \u00e0 embout mousse floqu\u00e9e"},"content":{"rendered":"","protected":false},"excerpt":{"rendered":"<p><strong>*2 POUR 13$ (3$ de rabais \u00e0 l&#8217;achat de 2 paquets de la m\u00eame couleur).<\/strong><\/p>\n<p>Applicateurs \u00e9ponge mousse floqu\u00e9e ultra-pr\u00e9cis<\/p>\n<p>Nos applicateurs en mousse floqu\u00e9e non pelucheux sont fabriqu\u00e9s avec un mat\u00e9riel non-fibreux et non absorbant, ce qui les rend parfaits pour l&#8217;application de produits professionnels pour les extensions de cils ou pour le nettoyage de cils.<\/p>\n<ul>\n<li>Application pr\u00e9cise. Fonctionne bien pour les zones plus difficiles \u00e0 atteindre comme le contour des yeux.<\/li>\n<li>Hygi\u00e9nique et jetable. Id\u00e9al pour les professionnels en extension des cils ou les maquilleurs.<\/li>\n<li>Non pelucheux et non-fibreux<\/li>\n<li>Le meilleur outil pour corriger les erreurs de maquillage telles que l&#8217;eyeliner liquide, le mascara ou le rouge \u00e0 l\u00e8vres \/ gloss liquide!<\/li>\n<li>Parfait pour le d\u00e9maquillage, dissoudre la colle d&#8217;extensions de cils (cyanoacrylate) ou pour nettoyer les cils naturels avec un nettoyant ou un appr\u00eat.<\/li>\n<li>Disponible en paquets de 50 ou 100 unit\u00e9s.<\/li>\n<li>Choisissez votre couleur pr\u00e9f\u00e9r\u00e9e: jaune, orange, vert menthe, blanc, bourgogne, fuchsia, noir, turquoise et rose p\u00e2le.<\/li>\n<\/ul>\n","protected":false},"featured_media":1963,"template":"","meta":[],"product_brand":[],"product_cat":[506,473,413],"product_tag":[626,627,628,629,630,631],"class_list":{"0":"post-2895","1":"product","2":"type-product","3":"status-publish","4":"has-post-thumbnail","6":"product_cat-outils-et-accessoires-jetables-professionnels-en","7":"product_cat-outils-pinces-et-accessoires-dextensions-de-cils-en","8":"product_cat-tous-les-produits-en","9":"product_tag-accessoires-jetables-extensions-de-cils-en","10":"product_tag-applicateurs-eponge-en","11":"product_tag-applicateurs-jetables-extensions-de-cils-en","12":"product_tag-applicateurs-mousse-en","13":"product_tag-applicateurs-pour-extensions-de-cils-en","14":"product_tag-batonnets-floques-en","15":"pa_color-blanc-en","16":"pa_color-fuchsia-en","17":"pa_color-jaune-en","18":"pa_color-noir-en","19":"pa_color-orange-en","20":"pa_color-rose-pale-en","21":"pa_color-turquoise-en","22":"pa_color-vert-menthe-en","24":"first","25":"instock","26":"taxable","27":"shipping-taxable","28":"purchasable","29":"product-type-variable","30":"rtwpvs-product"},"jetpack_sharing_enabled":true,"_links":{"self":[{"href":"https:\/\/totalextensions.ca\/en\/wp-json\/wp\/v2\/product\/2895","targetHints":{"allow":["GET"]}}],"collection":[{"href":"https:\/\/totalextensions.ca\/en\/wp-json\/wp\/v2\/product"}],"about":[{"href":"https:\/\/totalextensions.ca\/en\/wp-json\/wp\/v2\/types\/product"}],"wp:featuredmedia":[{"embeddable":true,"href":"https:\/\/totalextensions.ca\/en\/wp-json\/wp\/v2\/media\/1963"}],"wp:attachment":[{"href":"https:\/\/totalextensions.ca\/en\/wp-json\/wp\/v2\/media?parent=2895"}],"wp:term":[{"taxonomy":"product_brand","embeddable":true,"href":"https:\/\/totalextensions.ca\/en\/wp-json\/wp\/v2\/product_brand?post=2895"},{"taxonomy":"product_cat","embeddable":true,"href":"https:\/\/totalextensions.ca\/en\/wp-json\/wp\/v2\/product_cat?post=2895"},{"taxonomy":"product_tag","embeddable":true,"href":"https:\/\/totalextensions.ca\/en\/wp-json\/wp\/v2\/product_tag?post=2895"}],"curies":[{"name":"wp","href":"https:\/\/api.w.org\/{rel}","templated":true}]}}