{"id":2893,"date":"2025-05-27T05:05:34","date_gmt":"2025-05-27T05:05:34","guid":{"rendered":"https:\/\/new.totalextensions.ca\/produit\/total-ruban-adhesif-medical-3m-micropore-pour-pose-dextensions-de-cils\/"},"modified":"2025-05-27T05:05:34","modified_gmt":"2025-05-27T05:05:34","slug":"total-ruban-adhesif-medical-3m-micropore-pour-pose-dextensions-de-cils","status":"publish","type":"product","link":"https:\/\/totalextensions.ca\/en\/produit\/total-ruban-adhesif-medical-3m-micropore-pour-pose-dextensions-de-cils\/","title":{"rendered":"Total Ruban &#8211; Adh\u00e9sif m\u00e9dical 3M Micropore pour pose d&#8217;extensions de cils"},"content":{"rendered":"","protected":false},"excerpt":{"rendered":"<p>Ruban de papier adh\u00e9sif m\u00e9dical Micropore 3M pour pose d&#8217;extension de cils professionnelle.<\/p>\n<p>Notre ruban m\u00e9dical en papier micropore 3M est un ruban chirurgical hypoallerg\u00e9nique tr\u00e8s doux pour la peau qui ne laisse aucun r\u00e9sidu d\u2019adh\u00e9sif lors du retrait. Parfait pour s\u00e9curiser les cils naturels inf\u00e9rieurs par-dessus les patchs. Peut \u00e9galement \u00eatre utilis\u00e9 pour immobiliser la paupi\u00e8re mobile et sup\u00e9rieure pendant la pose.<\/p>\n<ul>\n<li>Sans latex<\/li>\n<li>Hypoallerg\u00e9nique<\/li>\n<li>Grade m\u00e9dical<\/li>\n<li>Utiliser sur les patchs pour les yeux ou pour \u00e9tirer la paupi\u00e8re sup\u00e9rieure yeux afin de relever les cils sup\u00e9rieurs.<\/li>\n<li>Facile \u00e0 retirer sans inconfort.<\/li>\n<li>Disponible en deux largeurs diff\u00e9rentes: 1\/2 pouce (1,27 cm) et 1 pouce (2,54 cm).<\/li>\n<\/ul>\n","protected":false},"featured_media":1961,"template":"","meta":[],"product_brand":[],"product_cat":[506,473,413],"product_tag":[618,619,620,621,622,623],"class_list":{"0":"post-2893","1":"product","2":"type-product","3":"status-publish","4":"has-post-thumbnail","6":"product_cat-outils-et-accessoires-jetables-professionnels-en","7":"product_cat-outils-pinces-et-accessoires-dextensions-de-cils-en","8":"product_cat-tous-les-produits-en","9":"product_tag-3m-micropore-en","10":"product_tag-ruban-adhesif-extensions-de-cils-en","11":"product_tag-ruban-adhesif-medical-3m-en","12":"product_tag-ruban-medical-pour-extensions-de-cils-en","13":"product_tag-ruban-micropore-3m-en","14":"product_tag-tape-extensions-de-cils-en","16":"first","17":"instock","18":"taxable","19":"shipping-taxable","20":"purchasable","21":"product-type-variable","22":"rtwpvs-product"},"jetpack_sharing_enabled":true,"_links":{"self":[{"href":"https:\/\/totalextensions.ca\/en\/wp-json\/wp\/v2\/product\/2893","targetHints":{"allow":["GET"]}}],"collection":[{"href":"https:\/\/totalextensions.ca\/en\/wp-json\/wp\/v2\/product"}],"about":[{"href":"https:\/\/totalextensions.ca\/en\/wp-json\/wp\/v2\/types\/product"}],"wp:featuredmedia":[{"embeddable":true,"href":"https:\/\/totalextensions.ca\/en\/wp-json\/wp\/v2\/media\/1961"}],"wp:attachment":[{"href":"https:\/\/totalextensions.ca\/en\/wp-json\/wp\/v2\/media?parent=2893"}],"wp:term":[{"taxonomy":"product_brand","embeddable":true,"href":"https:\/\/totalextensions.ca\/en\/wp-json\/wp\/v2\/product_brand?post=2893"},{"taxonomy":"product_cat","embeddable":true,"href":"https:\/\/totalextensions.ca\/en\/wp-json\/wp\/v2\/product_cat?post=2893"},{"taxonomy":"product_tag","embeddable":true,"href":"https:\/\/totalextensions.ca\/en\/wp-json\/wp\/v2\/product_tag?post=2893"}],"curies":[{"name":"wp","href":"https:\/\/api.w.org\/{rel}","templated":true}]}}