{"id":2892,"date":"2025-05-27T05:05:34","date_gmt":"2025-05-27T05:05:34","guid":{"rendered":"https:\/\/new.totalextensions.ca\/produit\/total-gems-cristaux-decoratifs-swarovski-pour-extensions-de-cils\/"},"modified":"2025-05-27T05:05:34","modified_gmt":"2025-05-27T05:05:34","slug":"total-gems-cristaux-decoratifs-swarovski-pour-extensions-de-cils","status":"publish","type":"product","link":"https:\/\/totalextensions.ca\/en\/produit\/total-gems-cristaux-decoratifs-swarovski-pour-extensions-de-cils\/","title":{"rendered":"Total Gems &#8211; Cristaux d\u00e9coratifs Swarovski\u00ae pour extensions de cils"},"content":{"rendered":"<p><br data-mce-bogus=\"1\"><\/p>\n","protected":false},"excerpt":{"rendered":"<p>5 couleurs de pierres d\u00e9coratives faites de cristaux Swarovski\u00ae pour extensions de cils ou pose d&#8217;ongles, offertes dans un joli carrousel en forme de fleur.<\/p>\n<p>Ajoutez une touche de brillance avec nos mini diamants faits de cristal Swarovski\u00ae v\u00e9ritable. Appliquez-les sur les cils ou les ongles de votre cliente pour des occasions sp\u00e9ciales telles que mariages, bals de finissants ou tout simplement un petit &#8220;je-ne-sait-quoi&#8221; festif pour un look glamour! Peut \u00eatre utilis\u00e9 sur le dessus ou sous les extensions de cils et sur n&#8217;importe quel type de pose d&#8217;ongles.<\/p>\n<p>Compatible avec toutes les colles d&#8217;extension de cils ou les top coats (couches protectrices \/ vernis de finition \/ gels) pour les ongles.<\/p>\n<ul>\n<li>Contenant de 5 couleurs de mini cristaux.<\/li>\n<li>Chaque fleur-carrousel contient 250 cristaux (50 cristaux de chaque couleur)<\/li>\n<li>Faits de cristaux Swarovski\u00ae v\u00e9ritables<\/li>\n<li>Choisissez entre l&#8217;harmonie 1 (bleu, rose, or, rouge et transparent) ou l&#8217;harmonie 2 (bleu, rose, or, rouge et opalescent):<\/li>\n<\/ul>\n<p style=\"padding-left: 30px\">1.ss6_209 Rose \/ ss6_227 Light Siam \/ ss7_001 Crystal \/ ss7_249 Citrine \/ ss7_539 Tanzanite<\/p>\n<p style=\"padding-left: 30px\">2.ss6_001 Crystal Aurore Boreale \/ ss6_209 Rose \/ ss7_227 Light Siam \/ ss7_249 Citrine \/ ss7_539 Tanzanite<\/p>\n<ul>\n<li>Strass de qualit\u00e9 sup\u00e9rieure pour un look plus haut de gamme et chic que les cristaux de plastique.<\/li>\n<li>Taille parfaite pour les extensions de cils et les ongles.<\/li>\n<li>Compatible avec toutes les colles d&#8217;extension de cils et les vernis de finition.<\/li>\n<li>L\u00e9g\u00e8res, elles ne feront donc pas tomber les extensions de cils pr\u00e9matur\u00e9ment ou ne les &#8220;d\u00e9courberont&#8221; pas.<\/li>\n<li>Nous vous recommandons d&#8217;utiliser nos superbes bijoux \u00e0 cils et ongles uniques faits de cristaux Swarovski\u00ae v\u00e9ritables, sp\u00e9cialement con\u00e7ues pour les extensions de cils, au lieu des extensions avec cristaux pr\u00e9-coll\u00e9s. Le r\u00e9sultat est plus naturel et vous pouvez personnaliser le look final plus facilement.<\/li>\n<\/ul>\n","protected":false},"featured_media":1945,"template":"","meta":[],"product_brand":[],"product_cat":[506,473,413],"product_tag":[607,608,609,610,611,612,613,614,615,616,617],"class_list":{"0":"post-2892","1":"product","2":"type-product","3":"status-publish","4":"has-post-thumbnail","6":"product_cat-outils-et-accessoires-jetables-professionnels-en","7":"product_cat-outils-pinces-et-accessoires-dextensions-de-cils-en","8":"product_cat-tous-les-produits-en","9":"product_tag-bijoux-de-cils-en","10":"product_tag-bijoux-pour-extensions-de-cils-en","11":"product_tag-cristal-cil-en","12":"product_tag-cristaux-extensions-de-cils-en","13":"product_tag-cristaux-pour-extensions-de-cils-en","14":"product_tag-cristaux-swarovski-en","15":"product_tag-diamants-de-cils-en","16":"product_tag-diamants-extensions-de-cils-en","17":"product_tag-extensions-de-cils-avec-swarovski-en","18":"product_tag-pierres-precieuses-pour-les-cils-en","19":"product_tag-swarovski-cils-en","20":"pa_harmony-harmonie-2","22":"first","23":"instock","24":"taxable","25":"shipping-taxable","26":"purchasable","27":"product-type-simple"},"jetpack_sharing_enabled":true,"_links":{"self":[{"href":"https:\/\/totalextensions.ca\/en\/wp-json\/wp\/v2\/product\/2892","targetHints":{"allow":["GET"]}}],"collection":[{"href":"https:\/\/totalextensions.ca\/en\/wp-json\/wp\/v2\/product"}],"about":[{"href":"https:\/\/totalextensions.ca\/en\/wp-json\/wp\/v2\/types\/product"}],"wp:featuredmedia":[{"embeddable":true,"href":"https:\/\/totalextensions.ca\/en\/wp-json\/wp\/v2\/media\/1945"}],"wp:attachment":[{"href":"https:\/\/totalextensions.ca\/en\/wp-json\/wp\/v2\/media?parent=2892"}],"wp:term":[{"taxonomy":"product_brand","embeddable":true,"href":"https:\/\/totalextensions.ca\/en\/wp-json\/wp\/v2\/product_brand?post=2892"},{"taxonomy":"product_cat","embeddable":true,"href":"https:\/\/totalextensions.ca\/en\/wp-json\/wp\/v2\/product_cat?post=2892"},{"taxonomy":"product_tag","embeddable":true,"href":"https:\/\/totalextensions.ca\/en\/wp-json\/wp\/v2\/product_tag?post=2892"}],"curies":[{"name":"wp","href":"https:\/\/api.w.org\/{rel}","templated":true}]}}