{"id":2874,"date":"2025-05-27T05:05:35","date_gmt":"2025-05-27T05:05:35","guid":{"rendered":"https:\/\/new.totalextensions.ca\/produit\/total-wands-micro-microbrosses-jetables-pour-extensions-de-cils\/"},"modified":"2025-05-27T05:05:35","modified_gmt":"2025-05-27T05:05:35","slug":"total-wands-micro-microbrosses-jetables-pour-extensions-de-cils","status":"publish","type":"product","link":"https:\/\/totalextensions.ca\/en\/produit\/total-wands-micro-microbrosses-jetables-pour-extensions-de-cils\/","title":{"rendered":"Total Wands Micro &#8211; Microbrosses jetables pour extensions de cils"},"content":{"rendered":"","protected":false},"excerpt":{"rendered":"<p>Applicateurs microbrosses jetables ultra-pr\u00e9cis pour extensions de cils.<\/p>\n<p>Nos microbrosses sont fabriqu\u00e9es avec des fibres non absorbantes et non pelucheuses. Elles peuvent \u00eatre utilis\u00e9es partout o\u00f9 vous avez besoin d&#8217;une application de pr\u00e9cision et minutieuse.<\/p>\n<p>Utilisez nos microbrossettes TOTAL WANDS pour pr\u00e9venir les gouttes, les \u00e9claboussures ou les fuites lors de l\u2019application de produits professionnels sur les cils et les extensions de cils. Qu\u2019il s\u2019agisse d\u2019un rehaussement de cils, d\u2019une permanente ou coloration \u00e0 cils ou encore pour retirer les extensions de cils \u00e0 l\u2019aide de dissolvant, les micro brosses sont indispensables. C&#8217;est une bonne chose qu&#8217;elles viennent en paquets de 100  !<\/p>\n<ul>\n<li>Ces b\u00e2tonnets ultra-pr\u00e9cis et ultra-fins sont parfaits pour appliquer un liquide, un gel ou une cr\u00e8me.<\/li>\n<li>Utilisez-les pour contr\u00f4ler parfaitement la quantit\u00e9 de liquide que vous souhaitez appliquer. Aide \u00e0 pr\u00e9venir les fuites de produit.<\/li>\n<li>Tr\u00e8s populaire pour les professionnels en extension des cils, les microbrosses sont le meilleur outil pour appliquer le pr\u00e9parateur pour extension de cil, le dissolvant d&#8217;extension de cil ou le dissolvant de colle.<\/li>\n<li>Imbattables pour atteindre les parties difficiles d\u2019acc\u00e8s comme les coins internes des yeux.<\/li>\n<li>La pointe en mousse floqu\u00e9e est 100% non pelucheuse et non-fibreuse.<\/li>\n<li>Turquoise<\/li>\n<li>Paquet de 100 unit\u00e9s.<\/li>\n<\/ul>\n","protected":false},"featured_media":1969,"template":"","meta":[],"product_brand":[],"product_cat":[506,473,413],"product_tag":[595,596,597,598,599,600,601,602],"class_list":{"0":"post-2874","1":"product","2":"type-product","3":"status-publish","4":"has-post-thumbnail","6":"product_cat-outils-et-accessoires-jetables-professionnels-en","7":"product_cat-outils-pinces-et-accessoires-dextensions-de-cils-en","8":"product_cat-tous-les-produits-en","9":"product_tag-applicateurs-extensions-de-cils-en","10":"product_tag-micro-brosse-en","11":"product_tag-micro-brosses-en","12":"product_tag-micro-brossettes-en","13":"product_tag-microbrosse-en","14":"product_tag-microbrosses-jetables-en","15":"product_tag-microbrosses-pour-extensions-de-cils-en","16":"product_tag-microbrossettes-en","18":"first","19":"instock","20":"taxable","21":"shipping-taxable","22":"purchasable","23":"product-type-simple"},"jetpack_sharing_enabled":true,"_links":{"self":[{"href":"https:\/\/totalextensions.ca\/en\/wp-json\/wp\/v2\/product\/2874","targetHints":{"allow":["GET"]}}],"collection":[{"href":"https:\/\/totalextensions.ca\/en\/wp-json\/wp\/v2\/product"}],"about":[{"href":"https:\/\/totalextensions.ca\/en\/wp-json\/wp\/v2\/types\/product"}],"wp:featuredmedia":[{"embeddable":true,"href":"https:\/\/totalextensions.ca\/en\/wp-json\/wp\/v2\/media\/1969"}],"wp:attachment":[{"href":"https:\/\/totalextensions.ca\/en\/wp-json\/wp\/v2\/media?parent=2874"}],"wp:term":[{"taxonomy":"product_brand","embeddable":true,"href":"https:\/\/totalextensions.ca\/en\/wp-json\/wp\/v2\/product_brand?post=2874"},{"taxonomy":"product_cat","embeddable":true,"href":"https:\/\/totalextensions.ca\/en\/wp-json\/wp\/v2\/product_cat?post=2874"},{"taxonomy":"product_tag","embeddable":true,"href":"https:\/\/totalextensions.ca\/en\/wp-json\/wp\/v2\/product_tag?post=2874"}],"curies":[{"name":"wp","href":"https:\/\/api.w.org\/{rel}","templated":true}]}}