{"id":2841,"date":"2025-05-27T05:05:59","date_gmt":"2025-05-27T05:05:59","guid":{"rendered":"https:\/\/new.totalextensions.ca\/produit\/total-wands-classique-brossettes-a-mascara-jetables-en-nylon-doux\/"},"modified":"2025-05-27T05:05:59","modified_gmt":"2025-05-27T05:05:59","slug":"total-wands-classique-brossettes-a-mascara-jetables-en-nylon-doux","status":"publish","type":"product","link":"https:\/\/totalextensions.ca\/en\/produit\/total-wands-classique-brossettes-a-mascara-jetables-en-nylon-doux\/","title":{"rendered":"Total Wands Classique &#8211; Brossettes \u00e0 mascara jetables en nylon doux"},"content":{"rendered":"","protected":false},"excerpt":{"rendered":"<p>Brosses \u00e0 mascara jetables en nylon souple et ultra-doux pour extensions de cils.<\/p>\n<p>Brossez et stylisez les cils facilement gr\u00e2ce \u00e0 nos goupillons jetables. L&#8217;embout brossette douce et effil\u00e9e agrippe d\u00e9licatement les cils afin de bien les peigner dans la direction souhait\u00e9e, histoire de vous faciliter la vie autant avant, pendant qu&#8217;apr\u00e8s la pose, et ainsi vous permettre de cr\u00e9er les poses les plus d\u00e9finies, pr\u00e9cises et soign\u00e9es. Pour usage unique seulement.<\/p>\n<ul>\n<li>Plusieurs options de couleurs de manche et de brosse : choisissez votre combinaison de couleur pr\u00e9f\u00e9r\u00e9e!<\/li>\n<li>Paquet de 50 unit\u00e9s<\/li>\n<li>Manche en plastique r\u00e9sistant avec brossette tr\u00e8s douce, pouvant \u00eatre l\u00e9g\u00e8rement pli\u00e9e au besoin.<\/li>\n<li>Assez doux pour les extensions de cils.<\/li>\n<li>Id\u00e9al pour les professionnels en extensions des cils, les porteurs d&#8217;extensions de cils et les maquilleurs.<\/li>\n<li>Les applicateurs TOTAL WANDS par Total Extensions offrent la meilleure qualit\u00e9 et ont une excellente solidit\u00e9 entre la brosse et le manche.<\/li>\n<\/ul>\n","protected":false},"featured_media":2005,"template":"","meta":[],"product_brand":[],"product_cat":[506,473,413],"product_tag":[570,571,572,559,573,560,574],"class_list":{"0":"post-2841","1":"product","2":"type-product","3":"status-publish","4":"has-post-thumbnail","6":"product_cat-outils-et-accessoires-jetables-professionnels-en","7":"product_cat-outils-pinces-et-accessoires-dextensions-de-cils-en","8":"product_cat-tous-les-produits-en","9":"product_tag-applicateurs-cils-en","10":"product_tag-brosse-a-mascara-jetable-en","11":"product_tag-brosses-a-mascara-jetables-en","12":"product_tag-brosses-extensions-de-cils-en","13":"product_tag-brossettes-extensions-de-cils-en","14":"product_tag-goupillons-a-mascara-jetables-en","15":"product_tag-goupillons-jetables-en","16":"pa_brush-color-brosse-blanche-en","17":"pa_brush-color-brosse-bleue-en","18":"pa_brush-color-brosse-framboise-en","19":"pa_brush-color-brosse-fuchsia-en","20":"pa_brush-color-brosse-jaune-en","21":"pa_brush-color-brosse-lavande-en","22":"pa_brush-color-brosse-mauve-en","23":"pa_brush-color-brosse-noire-en","24":"pa_brush-color-brosse-rose-pale-en","25":"pa_brush-color-brosse-vert-pale-en","26":"pa_handle-color-manche-blanc-en","27":"pa_handle-color-manche-fuchsia-en","28":"pa_handle-color-manche-noir-en","29":"pa_handle-color-manche-rose-en","31":"first","32":"instock","33":"taxable","34":"shipping-taxable","35":"purchasable","36":"product-type-variable","37":"rtwpvs-product"},"jetpack_sharing_enabled":true,"_links":{"self":[{"href":"https:\/\/totalextensions.ca\/en\/wp-json\/wp\/v2\/product\/2841","targetHints":{"allow":["GET"]}}],"collection":[{"href":"https:\/\/totalextensions.ca\/en\/wp-json\/wp\/v2\/product"}],"about":[{"href":"https:\/\/totalextensions.ca\/en\/wp-json\/wp\/v2\/types\/product"}],"wp:featuredmedia":[{"embeddable":true,"href":"https:\/\/totalextensions.ca\/en\/wp-json\/wp\/v2\/media\/2005"}],"wp:attachment":[{"href":"https:\/\/totalextensions.ca\/en\/wp-json\/wp\/v2\/media?parent=2841"}],"wp:term":[{"taxonomy":"product_brand","embeddable":true,"href":"https:\/\/totalextensions.ca\/en\/wp-json\/wp\/v2\/product_brand?post=2841"},{"taxonomy":"product_cat","embeddable":true,"href":"https:\/\/totalextensions.ca\/en\/wp-json\/wp\/v2\/product_cat?post=2841"},{"taxonomy":"product_tag","embeddable":true,"href":"https:\/\/totalextensions.ca\/en\/wp-json\/wp\/v2\/product_tag?post=2841"}],"curies":[{"name":"wp","href":"https:\/\/api.w.org\/{rel}","templated":true}]}}