{"id":2840,"date":"2025-05-27T05:06:27","date_gmt":"2025-05-27T05:06:27","guid":{"rendered":"https:\/\/new.totalextensions.ca\/produit\/excellent-patchs-non-fibreuses-pour-extensions-de-cils-et-yeux-sensibles\/"},"modified":"2025-05-27T05:06:27","modified_gmt":"2025-05-27T05:06:27","slug":"excellent-patchs-non-fibreuses-pour-extensions-de-cils-et-yeux-sensibles","status":"publish","type":"product","link":"https:\/\/totalextensions.ca\/en\/produit\/excellent-patchs-non-fibreuses-pour-extensions-de-cils-et-yeux-sensibles\/","title":{"rendered":"Excellent Patchs non-fibreuses pour extensions de cils et yeux sensibles"},"content":{"rendered":"","protected":false},"excerpt":{"rendered":"<p>Patchs contour des yeux courb\u00e9es en gel, de qualit\u00e9 sup\u00e9rieure, pour extension de cils, yeux et peau sensible.<\/p>\n<p>Le mat\u00e9riel non pelucheux emp\u00eache les pinces \u00e0 extensions de cils de rester coinc\u00e9s dans les fibres ou encore d\u2019avoir des fibres libres qui demeurent coll\u00e9es sur les extensions. Le gel \u00e9pais, collant et ultra rafra\u00eechissant procure une forte adh\u00e9sion \u00e0 la peau\u00a0:\u00a0 ces patchs ne bougeront pas durant toute la pose. Se d\u00e9collent facilement et sans douleur, sans arracher de cil et sans laisser de r\u00e9sidu sur la peau. Con\u00e7u pour les yeux et la peau sensibles.<\/p>\n<ul>\n<li>Contient 10 sachets. Chaque sachet contient 2 patchs pour les yeux (1,7 g &#8211; 0,06 OZ).<\/li>\n<li>Ingr\u00e9dients: Eau, glyc\u00e9rine, polyacrylate de sodium, carbom\u00e8re de sodium.<\/li>\n<li>Ultra collantes, restent en place, rafra\u00eechissantes, apaisantes, non-fibreuses.<\/li>\n<li>De haute qualit\u00e9, par la parque EXCELLENT, reconnue dans l\u2019industrie.<\/li>\n<li>Parfaites pour les peaux sensibles. Con\u00e7ues pour r\u00e9duire les irritations de la peau. Plus jamais de d\u00e9mangeaisons ou de rougeurs!<\/li>\n<\/ul>\n<p>Disponible en 2 TYPES (formes) pour s&#8217;adapter \u00e0 tous les yeux et formes de visage de vos clientes :<\/p>\n<ol>\n<li>Type A (bo\u00eete verte) &#8211; &#8220;Forme de banane&#8221;. Courbe sym\u00e9trique ultra-profonde pour s&#8217;adapter parfaitement \u00e0 la forme des yeux et assurer un ajustement confortable et pr\u00e9cis.<\/li>\n<li>Type B (bo\u00eete rose) &#8211; &#8220;Type classique en forme de goutte d&#8217;eau incurv\u00e9e&#8221;. Forte courbe asym\u00e9trique pour s&#8217;adapter parfaitement \u00e0 la forme des yeux et assurer un ajustement confortable et pr\u00e9cis. La partie la plus \u00e9troite doit \u00eatre appliqu\u00e9e pr\u00e8s du coin interne de l&#8217;\u0153il, tandis que la plus large doit \u00eatre appliqu\u00e9e pr\u00e8s du coin externe de l&#8217;\u0153il, vers la tempe.<\/li>\n<\/ol>\n","protected":false},"featured_media":1735,"template":"","meta":[],"product_brand":[],"product_cat":[506,473,413],"product_tag":[507,508,509,567,510,511,512],"class_list":{"0":"post-2840","1":"product","2":"type-product","3":"status-publish","4":"has-post-thumbnail","6":"product_cat-outils-et-accessoires-jetables-professionnels-en","7":"product_cat-outils-pinces-et-accessoires-dextensions-de-cils-en","8":"product_cat-tous-les-produits-en","9":"product_tag-patch-contour-des-yeux-en","10":"product_tag-patch-extensions-de-cils-en","11":"product_tag-patch-pour-extensions-de-cils-en","12":"product_tag-patch-pour-yeux-sensibles-en","13":"product_tag-patchs-contour-des-yeux-a-lhydrogel-en","14":"product_tag-patchs-excellent-en","15":"product_tag-patchs-pour-extensions-de-cils-en","16":"pa_shape-forme-a-banane-en","17":"pa_shape-forme-b-goutte-courbee-en","19":"first","20":"outofstock","21":"taxable","22":"shipping-taxable","23":"product-type-variable","24":"rtwpvs-product"},"jetpack_sharing_enabled":true,"_links":{"self":[{"href":"https:\/\/totalextensions.ca\/en\/wp-json\/wp\/v2\/product\/2840","targetHints":{"allow":["GET"]}}],"collection":[{"href":"https:\/\/totalextensions.ca\/en\/wp-json\/wp\/v2\/product"}],"about":[{"href":"https:\/\/totalextensions.ca\/en\/wp-json\/wp\/v2\/types\/product"}],"wp:featuredmedia":[{"embeddable":true,"href":"https:\/\/totalextensions.ca\/en\/wp-json\/wp\/v2\/media\/1735"}],"wp:attachment":[{"href":"https:\/\/totalextensions.ca\/en\/wp-json\/wp\/v2\/media?parent=2840"}],"wp:term":[{"taxonomy":"product_brand","embeddable":true,"href":"https:\/\/totalextensions.ca\/en\/wp-json\/wp\/v2\/product_brand?post=2840"},{"taxonomy":"product_cat","embeddable":true,"href":"https:\/\/totalextensions.ca\/en\/wp-json\/wp\/v2\/product_cat?post=2840"},{"taxonomy":"product_tag","embeddable":true,"href":"https:\/\/totalextensions.ca\/en\/wp-json\/wp\/v2\/product_tag?post=2840"}],"curies":[{"name":"wp","href":"https:\/\/api.w.org\/{rel}","templated":true}]}}