{"id":2839,"date":"2025-05-27T05:06:27","date_gmt":"2025-05-27T05:06:27","guid":{"rendered":"https:\/\/new.totalextensions.ca\/produit\/total-ecrin-boitier-protecteur-rigide-pour-pinces-dextensions-de-cils\/"},"modified":"2025-05-27T05:06:27","modified_gmt":"2025-05-27T05:06:27","slug":"total-ecrin-boitier-protecteur-rigide-pour-pinces-dextensions-de-cils","status":"publish","type":"product","link":"https:\/\/totalextensions.ca\/en\/produit\/total-ecrin-boitier-protecteur-rigide-pour-pinces-dextensions-de-cils\/","title":{"rendered":"Total \u00c9crin &#8211; Bo\u00eetier protecteur rigide pour pinces d&#8217;extensions de cils"},"content":{"rendered":"","protected":false},"excerpt":{"rendered":"<p>\u00c9tui de protection pour pinces professionnelles en extension de cils.<\/p>\n<p>Prot\u00e9gez vos outils professionnels en toute s\u00e9curit\u00e9 et hygi\u00e8ne contre la poussi\u00e8re, la salet\u00e9 et les chutes accidentelles avec cet \u00e9tui rigide de qualit\u00e9. Peut contenir 3 pinces. Avec une belle finition noire, il est parfait pour voyager ou augmenter la dur\u00e9e de vie de vos instruments professionnels !<\/p>\n<ul>\n<li>Taille : 15 cm (6 po) X 7,6 cm (3 \u00bc po).<\/li>\n<li>Fini cuir noir avec fermoir en m\u00e9tal robuste.<\/li>\n<li>Facile \u00e0 ouvrir et facile \u00e0 fermer.<\/li>\n<li>\u00c9tui rigide pour prot\u00e9ger vos pinces.<\/li>\n<li>Taille parfaite pour l\u2019emporter partout!<\/li>\n<\/ul>\n","protected":false},"featured_media":2059,"template":"","meta":[],"product_brand":[],"product_cat":[472,473,413],"product_tag":[564,565,566],"class_list":{"0":"post-2839","1":"product","2":"type-product","3":"status-publish","4":"has-post-thumbnail","6":"product_cat-outils-professionnels-pinces-et-accessoires-reutilisables-en","7":"product_cat-outils-pinces-et-accessoires-dextensions-de-cils-en","8":"product_cat-tous-les-produits-en","9":"product_tag-boitier-pinces-extensions-de-cils-en","10":"product_tag-boitier-pour-pinces-a-extensions-de-cils-en","11":"product_tag-etui-pinces-extensions-de-cils-en","13":"first","14":"instock","15":"taxable","16":"shipping-taxable","17":"purchasable","18":"product-type-simple"},"jetpack_sharing_enabled":true,"_links":{"self":[{"href":"https:\/\/totalextensions.ca\/en\/wp-json\/wp\/v2\/product\/2839","targetHints":{"allow":["GET"]}}],"collection":[{"href":"https:\/\/totalextensions.ca\/en\/wp-json\/wp\/v2\/product"}],"about":[{"href":"https:\/\/totalextensions.ca\/en\/wp-json\/wp\/v2\/types\/product"}],"wp:featuredmedia":[{"embeddable":true,"href":"https:\/\/totalextensions.ca\/en\/wp-json\/wp\/v2\/media\/2059"}],"wp:attachment":[{"href":"https:\/\/totalextensions.ca\/en\/wp-json\/wp\/v2\/media?parent=2839"}],"wp:term":[{"taxonomy":"product_brand","embeddable":true,"href":"https:\/\/totalextensions.ca\/en\/wp-json\/wp\/v2\/product_brand?post=2839"},{"taxonomy":"product_cat","embeddable":true,"href":"https:\/\/totalextensions.ca\/en\/wp-json\/wp\/v2\/product_cat?post=2839"},{"taxonomy":"product_tag","embeddable":true,"href":"https:\/\/totalextensions.ca\/en\/wp-json\/wp\/v2\/product_tag?post=2839"}],"curies":[{"name":"wp","href":"https:\/\/api.w.org\/{rel}","templated":true}]}}