{"id":2837,"date":"2025-05-27T05:06:27","date_gmt":"2025-05-27T05:06:27","guid":{"rendered":"https:\/\/new.totalextensions.ca\/produit\/total-lux-brosse-a-mascara-portative-luxueuse-avec-cristaux\/"},"modified":"2025-05-27T05:06:27","modified_gmt":"2025-05-27T05:06:27","slug":"total-lux-brosse-a-mascara-portative-luxueuse-avec-cristaux","status":"publish","type":"product","link":"https:\/\/totalextensions.ca\/en\/produit\/total-lux-brosse-a-mascara-portative-luxueuse-avec-cristaux\/","title":{"rendered":"Total-Lux &#8211; Brosse \u00e0 mascara portative luxueuse avec cristaux"},"content":{"rendered":"","protected":false},"excerpt":{"rendered":"<p>Brosse \u00e0 mascara r\u00e9utilisable et portative avec manche en strass pour extensions de cils.<\/p>\n<p>* <span style=\"color: #ff0000\"><strong>Techniciennes<\/strong><\/span>: Inscrivez-vous \u00e0 notre programme <a href=\"https:\/\/www.totalextensionslash.com\/pros-exclusif\/?lang=fr\" target=\"_blank\" rel=\"noopener noreferrer\">PRO EXCLUSIF<\/a> et obtenez vos prix de gros exclusifs (seront d\u00e9bloqu\u00e9s apr\u00e8s l&#8217;inscription compl\u00e8te) + des escomptes de quantit\u00e9 suppl\u00e9mentaires sur ce produit\u00a0 (15% de rabais suppl\u00e9mentaire \u00e0 l&#8217;achat de 12 unit\u00e9s et + ou 5% de rabais suppl\u00e9mentaire \u00e0 l&#8217;achat de 6-11 unit\u00e9s).<\/p>\n<p>Tr\u00e8s chic, pratique \u00e0 transporter et l\u00e9g\u00e8re, cette belle brosse \u00e0 mascara est le meilleur outil pour brosser les cils ou les sourcils. La brosse en nylon \u00e0 spirale souple est assez douce pour les extensions de cils. Utilisez-la quotidiennement pour garder vos extensions de cils plus belles, plus longtemps.<\/p>\n<ul>\n<li>R\u00e9utilisable: \u00e9cologique!<\/li>\n<li>Manche transparent avec mini diamants, capuchon en aluminium.<\/li>\n<li>Le capuchon prot\u00e8ge la brosse et la maintient propre et hygi\u00e9nique.<\/li>\n<li>Parfait pour transporter dans votre sac \u00e0 main ou pour voyager.<\/li>\n<li>Techniciennes en extensions de cils\u00a0: Excellent article \u00e0 proposer \u00e0 vos clientes comme produit revente pour vous assurer qu\u2019elles prennent bien soin de leurs extensions au quotidien.<\/li>\n<li>Noir avec pierres transparentes.<\/li>\n<\/ul>\n","protected":false},"featured_media":2051,"template":"","meta":[],"product_brand":[],"product_cat":[492,493,472,473,494,413],"product_tag":[557,558,559,560],"class_list":{"0":"post-2837","1":"product","2":"type-product","3":"status-publish","4":"has-post-thumbnail","6":"product_cat-entretien-des-cils-en","7":"product_cat-maquillage-et-soins-en","8":"product_cat-outils-professionnels-pinces-et-accessoires-reutilisables-en","9":"product_cat-outils-pinces-et-accessoires-dextensions-de-cils-en","10":"product_cat-produits-revente-en","11":"product_cat-tous-les-produits-en","12":"product_tag-brosse-a-mascara-en","13":"product_tag-brosse-a-mascara-reutilisable-en","14":"product_tag-brosses-extensions-de-cils-en","15":"product_tag-goupillons-a-mascara-jetables-en","17":"first","18":"outofstock","19":"taxable","20":"shipping-taxable","21":"purchasable","22":"product-type-simple"},"jetpack_sharing_enabled":true,"_links":{"self":[{"href":"https:\/\/totalextensions.ca\/en\/wp-json\/wp\/v2\/product\/2837","targetHints":{"allow":["GET"]}}],"collection":[{"href":"https:\/\/totalextensions.ca\/en\/wp-json\/wp\/v2\/product"}],"about":[{"href":"https:\/\/totalextensions.ca\/en\/wp-json\/wp\/v2\/types\/product"}],"wp:featuredmedia":[{"embeddable":true,"href":"https:\/\/totalextensions.ca\/en\/wp-json\/wp\/v2\/media\/2051"}],"wp:attachment":[{"href":"https:\/\/totalextensions.ca\/en\/wp-json\/wp\/v2\/media?parent=2837"}],"wp:term":[{"taxonomy":"product_brand","embeddable":true,"href":"https:\/\/totalextensions.ca\/en\/wp-json\/wp\/v2\/product_brand?post=2837"},{"taxonomy":"product_cat","embeddable":true,"href":"https:\/\/totalextensions.ca\/en\/wp-json\/wp\/v2\/product_cat?post=2837"},{"taxonomy":"product_tag","embeddable":true,"href":"https:\/\/totalextensions.ca\/en\/wp-json\/wp\/v2\/product_tag?post=2837"}],"curies":[{"name":"wp","href":"https:\/\/api.w.org\/{rel}","templated":true}]}}