{"id":2831,"date":"2025-05-27T05:06:27","date_gmt":"2025-05-27T05:06:27","guid":{"rendered":"https:\/\/new.totalextensions.ca\/produit\/total-ventilateur-mini-ventilateur-usb-pour-extensions-de-cils\/"},"modified":"2025-05-27T05:06:27","modified_gmt":"2025-05-27T05:06:27","slug":"total-ventilateur-mini-ventilateur-usb-pour-extensions-de-cils","status":"publish","type":"product","link":"https:\/\/totalextensions.ca\/en\/produit\/total-ventilateur-mini-ventilateur-usb-pour-extensions-de-cils\/","title":{"rendered":"Total Ventilateur &#8211; Mini ventilateur USB pour extensions de cils"},"content":{"rendered":"","protected":false},"excerpt":{"rendered":"<p>Mini ventilateur pour extensions de cils.<\/p>\n<p>Fatigu\u00e9 des souffleurs d&#8217;air manuels? Nous avons la meilleure solution! Ce mini ventilateur puissant et mignon comme tout acc\u00e9l\u00e8re le temps de s\u00e9chage de la colle pour pour extensions de cils. Il r\u00e9duit \u00e9galement les vapeurs et permet \u00e0 votre cliente d&#8217;ouvrir les yeux plus rapidement apr\u00e8s votre pose. Fonctionne aussi tr\u00e8s bien comme ventilateur pour les ongles (vernis ou pose d&#8217;ongles), ou m\u00eame comme ventilateur personnel portable en \u00e9t\u00e9! 6 couleurs disponibles!<\/p>\n<ul>\n<li>Support \u00e0 angles multiples: facile \u00e0 utiliser au bureau ou sur une table.<\/li>\n<li>S\u00e9choir pour extensions de cils : S\u00e9chage rapide des extensions de cils et de la colle, apr\u00e8s le nettoyage des cils (apr\u00e8s la douche par exemple), des ongles, du maquillage et plus encore!<\/li>\n<li>Rechargeable par c\u00e2ble USB<\/li>\n<li>Compact et puissant<\/li>\n<li>Id\u00e9al pour voyager par temps chaud! \ud83d\ude09<\/li>\n<\/ul>\n","protected":false},"featured_media":2047,"template":"","meta":[],"product_brand":[],"product_cat":[472,473,413],"product_tag":[551,552,553,554],"class_list":{"0":"post-2831","1":"product","2":"type-product","3":"status-publish","4":"has-post-thumbnail","6":"product_cat-outils-professionnels-pinces-et-accessoires-reutilisables-en","7":"product_cat-outils-pinces-et-accessoires-dextensions-de-cils-en","8":"product_cat-tous-les-produits-en","9":"product_tag-fan-extensions-de-cils-en","10":"product_tag-sechoir-extensions-de-cils-en","11":"product_tag-ventilateur-cils-automatique-en","12":"product_tag-ventilateur-extensions-de-cils-en","13":"pa_color-bleu-en","14":"pa_color-jaune-en","15":"pa_color-mauve-en","16":"pa_color-noir-en","17":"pa_color-rose-en","18":"pa_color-rouge-en","20":"first","21":"outofstock","22":"taxable","23":"shipping-taxable","24":"purchasable","25":"product-type-variable","26":"rtwpvs-product"},"jetpack_sharing_enabled":true,"_links":{"self":[{"href":"https:\/\/totalextensions.ca\/en\/wp-json\/wp\/v2\/product\/2831","targetHints":{"allow":["GET"]}}],"collection":[{"href":"https:\/\/totalextensions.ca\/en\/wp-json\/wp\/v2\/product"}],"about":[{"href":"https:\/\/totalextensions.ca\/en\/wp-json\/wp\/v2\/types\/product"}],"wp:featuredmedia":[{"embeddable":true,"href":"https:\/\/totalextensions.ca\/en\/wp-json\/wp\/v2\/media\/2047"}],"wp:attachment":[{"href":"https:\/\/totalextensions.ca\/en\/wp-json\/wp\/v2\/media?parent=2831"}],"wp:term":[{"taxonomy":"product_brand","embeddable":true,"href":"https:\/\/totalextensions.ca\/en\/wp-json\/wp\/v2\/product_brand?post=2831"},{"taxonomy":"product_cat","embeddable":true,"href":"https:\/\/totalextensions.ca\/en\/wp-json\/wp\/v2\/product_cat?post=2831"},{"taxonomy":"product_tag","embeddable":true,"href":"https:\/\/totalextensions.ca\/en\/wp-json\/wp\/v2\/product_tag?post=2831"}],"curies":[{"name":"wp","href":"https:\/\/api.w.org\/{rel}","templated":true}]}}