{"id":2830,"date":"2025-05-27T05:06:27","date_gmt":"2025-05-27T05:06:27","guid":{"rendered":"https:\/\/new.totalextensions.ca\/produit\/total-nebuliseur-pour-extensions-de-cils-a-bruine-ultra-fine\/"},"modified":"2025-05-27T05:06:27","modified_gmt":"2025-05-27T05:06:27","slug":"total-nebuliseur-pour-extensions-de-cils-a-bruine-ultra-fine","status":"publish","type":"product","link":"https:\/\/totalextensions.ca\/en\/produit\/total-nebuliseur-pour-extensions-de-cils-a-bruine-ultra-fine\/","title":{"rendered":"Total N\u00e9buliseur pour extensions de cils \u00e0 bruine ultra-fine"},"content":{"rendered":"","protected":false},"excerpt":{"rendered":"<p>Un n\u00e9buliseur (brumisateur \u00e0 particules ultra-fines) pour la polym\u00e9risation rapide de la colle pour extensions de cils.<\/p>\n<p>PLUS EFFICACE ET PERFORMANT QUE LE NANOMIST!<\/p>\n<p>Une r\u00e9volution dans l&#8217;industrie des cils! Plus efficace que tout autre type de brumisateur ou ventilateur sur le march\u00e9.<\/p>\n<p>Notre n\u00e9buliseur polym\u00e9rise l&#8217;adh\u00e9sif en 30 secondes, \u00e9liminant ainsi toute exposition suppl\u00e9mentaire aux vapeurs de colle et permettant une meilleure r\u00e9tention. Apr\u00e8s avoir utilis\u00e9 notre n\u00e9buliseur TOTAL, vos clientESs n&#8217;auront plus \u00e0 attendre 12 \u00e0 24 heures pour nager ou se doucher. Il r\u00e9duit \u00e9galement les irritations et les r\u00e9actions allergiques. C&#8217;est \u00e9galement un outil formidable lorsque votre environnement est trop sec, comme en hiver par exemple. Votre colle s\u00e8chera plus rapidement et la r\u00e9tention sera augment\u00e9e de 200%. C&#8217;est le nouvel accessoire indispensable \u00e0 avoir pour toutes les professionnelles en extensions de cils!<\/p>\n<ul>\n<li>Comprend un mini chargeur USB et une bouteille d&#8217;eau rechargeable<\/li>\n<li>Apaise les yeux apr\u00e8s la pose. Parfait pour les yeux sensibles.<\/li>\n<li>Augmente la r\u00e9tention de la colle de 200%<\/li>\n<li>La colle s\u00e8che et polym\u00e9rise plus vite!<\/li>\n<li>La bruine d&#8217;eau est la meilleure disponible sur le march\u00e9. Les particules d&#8217;eau dans la bruine cr\u00e9\u00e9e par le n\u00e9buliseur sont plus petites que celles cr\u00e9\u00e9es par les Nano Mists.<\/li>\n<li>Essayez-le et vous serez agr\u00e9ablement surprise! Vous ne voudrez plus jamais travailler avec un autre outil de brumisation!<\/li>\n<li>Comment l&#8217;utiliser: Tenez le n\u00e9buliseur \u00e0 environ. 10 centim\u00e8tres des cils et pulv\u00e9risez la bruine pendant 1 min (jamais plus de 60 secondes) pour les 2 yeux.<\/li>\n<li>Utiliser avec de l&#8217;eau distill\u00e9e ou d\u00e9min\u00e9ralis\u00e9e. Retirez l&#8217;eau du r\u00e9servoir d&#8217;eau tous les jours et laissez-le s\u00e9cher compl\u00e8tement avant de le fermer. Si n\u00e9cessaire, un linge non fibreux et non pelucheux peut \u00eatre utilis\u00e9 pour essuyer tout exc\u00e8s d&#8217;eau.<\/li>\n<li>N&#8217;ajoutez pas d&#8217;huiles essentielles, de parfums ou d&#8217;autres produits dans l&#8217;eau.<\/li>\n<\/ul>\n","protected":false},"featured_media":2039,"template":"","meta":[],"product_brand":[],"product_cat":[472,473,413],"product_tag":[547,548,475,549,550],"class_list":{"0":"post-2830","1":"product","2":"type-product","3":"status-publish","4":"has-post-thumbnail","6":"product_cat-outils-professionnels-pinces-et-accessoires-reutilisables-en","7":"product_cat-outils-pinces-et-accessoires-dextensions-de-cils-en","8":"product_cat-tous-les-produits-en","9":"product_tag-bruine-pour-extensions-de-cils-en","10":"product_tag-brumisateur-pour-extensions-de-cils-en","11":"product_tag-nano-mist-en","12":"product_tag-nebulisateur-pour-extensions-de-cils-en","13":"product_tag-nebuliseur-en","15":"first","16":"outofstock","17":"taxable","18":"shipping-taxable","19":"purchasable","20":"product-type-simple"},"jetpack_sharing_enabled":true,"_links":{"self":[{"href":"https:\/\/totalextensions.ca\/en\/wp-json\/wp\/v2\/product\/2830","targetHints":{"allow":["GET"]}}],"collection":[{"href":"https:\/\/totalextensions.ca\/en\/wp-json\/wp\/v2\/product"}],"about":[{"href":"https:\/\/totalextensions.ca\/en\/wp-json\/wp\/v2\/types\/product"}],"wp:featuredmedia":[{"embeddable":true,"href":"https:\/\/totalextensions.ca\/en\/wp-json\/wp\/v2\/media\/2039"}],"wp:attachment":[{"href":"https:\/\/totalextensions.ca\/en\/wp-json\/wp\/v2\/media?parent=2830"}],"wp:term":[{"taxonomy":"product_brand","embeddable":true,"href":"https:\/\/totalextensions.ca\/en\/wp-json\/wp\/v2\/product_brand?post=2830"},{"taxonomy":"product_cat","embeddable":true,"href":"https:\/\/totalextensions.ca\/en\/wp-json\/wp\/v2\/product_cat?post=2830"},{"taxonomy":"product_tag","embeddable":true,"href":"https:\/\/totalextensions.ca\/en\/wp-json\/wp\/v2\/product_tag?post=2830"}],"curies":[{"name":"wp","href":"https:\/\/api.w.org\/{rel}","templated":true}]}}