{"id":2824,"date":"2025-05-27T05:06:45","date_gmt":"2025-05-27T05:06:45","guid":{"rendered":"https:\/\/new.totalextensions.ca\/produit\/cilvianna-colle-professionnelle-polyvalente-pour-extensions-de-cils\/"},"modified":"2025-05-27T05:06:45","modified_gmt":"2025-05-27T05:06:45","slug":"cilvianna-colle-professionnelle-polyvalente-pour-extensions-de-cils","status":"publish","type":"product","link":"https:\/\/totalextensions.ca\/en\/produit\/cilvianna-colle-professionnelle-polyvalente-pour-extensions-de-cils\/","title":{"rendered":"Cilvianna &#8211; Colle professionnelle polyvalente pour extensions de cils"},"content":{"rendered":"","protected":false},"excerpt":{"rendered":"<p>Format : 5ml<\/p>\n<p>Colle pour extensions de cils professionnelle extra-puissante, longue dur\u00e9e et s\u00e9chage rapide (1-2 secondes). Id\u00e9ale pour toutes les techniques de pose. Viscosit\u00e9 moyenne. Parfaite pour les techniciens de niveau interm\u00e9diaire ou avanc\u00e9.<\/p>\n<p>*Notre meilleur vendeur de colle pour extensions de cils!*<\/p>\n<p>Vous recherchez la colle PARFAITE? Essayez notre colle CILVIANApour un travail efficace, agr\u00e9able et les MEILLEURS r\u00e9sultats! Elle s\u00e8che en 1-2 secondes, a une viscosit\u00e9 moyenne et une tenue ultra longue dur\u00e9e. Vous allez l&#8217;adorer! Totale Glue a un pouvoir adh\u00e9sif extr\u00eamement puissant, fonctionne tr\u00e8s bien pour toutes les techniques de pose et les techniciennes de niveau interm\u00e9diaire ou avanc\u00e9.<\/p>\n<p>Ultra-polyvalente avec un s\u00e9chage rapide, la colle CILVIANA est le meilleur choix si vous recherchez une colle professionnelle qui convient \u00e0 toutes les techniques.<\/p>\n<ul>\n<li>1-2 secondes de temps de s\u00e9chage<\/li>\n<li>Viscosit\u00e9 moyenne<\/li>\n<li>Pour de meilleurs r\u00e9sultats, nettoyez bien chaque cil avec notre appr\u00eat\/pr\u00e9parateur <a href=\"https:\/\/www.totalextensionslash.com\/product\/total-prime-eyelash-extension-professional-primer\/\">Total PRIME<\/a> et laissez-le s\u00e9cher avant d&#8217;appliquer la colle.<\/li>\n<li>Performance optimale : niveau d&#8217;humidit\u00e9 de 50%. Utilisez la colle dans les 1-2 mois suivant l&#8217;ouverture. Conserver dans le sachet magique inclus \u00e0 l\u2019abri de la chaleur et de la lumi\u00e8re.<\/li>\n<\/ul>\n<p>**USAGE PROFESSIONNEL SEULEMENT! Vous devez obligatoirement poss\u00e9der un dipl\u00f4me reconnu en extensions de cils pour faire l\u2019achat de ce produit.**<\/p>\n","protected":false},"featured_media":2138,"template":"","meta":[],"product_brand":[],"product_cat":[431,413],"product_tag":[460,461,462,463,464],"class_list":{"0":"post-2824","1":"product","2":"type-product","3":"status-publish","4":"has-post-thumbnail","6":"product_cat-colles-preparateurs-et-dissolvants-en","7":"product_cat-tous-les-produits-en","8":"product_tag-adhesif-extensions-de-cils-en","9":"product_tag-adhesif-instantane-pour-extension-de-cils-en","10":"product_tag-colle-pour-extensions-de-cils-en","11":"product_tag-colle-professionnelle-cils-en","12":"product_tag-colle-rapide-pour-extensions-de-cils-en","14":"first","15":"outofstock","16":"taxable","17":"shipping-taxable","18":"purchasable","19":"product-type-simple"},"jetpack_sharing_enabled":true,"_links":{"self":[{"href":"https:\/\/totalextensions.ca\/en\/wp-json\/wp\/v2\/product\/2824","targetHints":{"allow":["GET"]}}],"collection":[{"href":"https:\/\/totalextensions.ca\/en\/wp-json\/wp\/v2\/product"}],"about":[{"href":"https:\/\/totalextensions.ca\/en\/wp-json\/wp\/v2\/types\/product"}],"wp:featuredmedia":[{"embeddable":true,"href":"https:\/\/totalextensions.ca\/en\/wp-json\/wp\/v2\/media\/2138"}],"wp:attachment":[{"href":"https:\/\/totalextensions.ca\/en\/wp-json\/wp\/v2\/media?parent=2824"}],"wp:term":[{"taxonomy":"product_brand","embeddable":true,"href":"https:\/\/totalextensions.ca\/en\/wp-json\/wp\/v2\/product_brand?post=2824"},{"taxonomy":"product_cat","embeddable":true,"href":"https:\/\/totalextensions.ca\/en\/wp-json\/wp\/v2\/product_cat?post=2824"},{"taxonomy":"product_tag","embeddable":true,"href":"https:\/\/totalextensions.ca\/en\/wp-json\/wp\/v2\/product_tag?post=2824"}],"curies":[{"name":"wp","href":"https:\/\/api.w.org\/{rel}","templated":true}]}}