{"id":2821,"date":"2025-05-27T05:06:45","date_gmt":"2025-05-27T05:06:45","guid":{"rendered":"https:\/\/new.totalextensions.ca\/produit\/precilia-nettoyant-moussant-pour-extensions-de-cils\/"},"modified":"2025-05-29T07:38:16","modified_gmt":"2025-05-29T07:38:16","slug":"precilia-nettoyant-moussant-pour-extensions-de-cils","status":"publish","type":"product","link":"https:\/\/totalextensions.ca\/en\/produit\/precilia-nettoyant-moussant-pour-extensions-de-cils\/","title":{"rendered":"Precilia &#8211; Nettoyant moussant pour extensions de cils"},"content":{"rendered":"","protected":false},"excerpt":{"rendered":"<p>Format : 60ml<\/p>\n<p>Shampooing pour extensions de cils.<\/p>\n<p>* <span style=\"color: #ff0000\"><strong>Techniciennes<\/strong><\/span>: Inscrivez-vous \u00e0 notre programme <a href=\"https:\/\/totalextensions.ca\/partenaire\/\" target=\"_blank\" rel=\"noopener noreferrer\">PRO EXCLUSIF<\/a> et obtenez vos prix de gros exclusifs (seront d\u00e9bloqu\u00e9s apr\u00e8s l&#8217;inscription compl\u00e8te) + des escomptes de quantit\u00e9 suppl\u00e9mentaires sur ce produit\u00a0 (15% de rabais suppl\u00e9mentaire \u00e0 l&#8217;achat de 12 unit\u00e9s et + par format ou 5% de rabais suppl\u00e9mentaire \u00e0 l&#8217;achat de 6-11 unit\u00e9s par format).<\/p>\n<p>Notre nettoyant moussant PRECILA est sp\u00e9cialement con\u00e7u pour les extensions de cils. Il emp\u00eache la salet\u00e9 et l&#8217;huile d&#8217;endommager les extensions, pour une meilleure tenue. Il favorise \u00e9galement la sant\u00e9 des yeux et des cils naturels s&#8217;il est utilis\u00e9 quotidiennement ou au moins 3 \u00e0 4 fois par semaine. Il peut aussi \u00eatre utilis\u00e9 comme nettoyant pour le visage et d\u00e9maquillant. Il contient de la provitamine B5 qui nourrit les cils naturels. Compatible avec les extensions de cils volume\/3D: les \u00e9ventails resteront beaux et s\u00e9par\u00e9s une fois le nettoyant sec et les cils bross\u00e9s avec une brosse con\u00e7ue \u00e0 cet effet.<\/p>\n<ul>\n<li>60 ml.<\/li>\n<li>Sans huile, sans parab\u00e8nes, sans sulfate, sans silicone, v\u00e9g\u00e9talien.<\/li>\n<li>Ingr\u00e9dients: Aqua, Cocamidopropyl Betaine, Polysorbate 80, Decyl Glucoside, Glycerin, Sodium Cocoyl Isethionate, PEG-7 Glyceryl Cocoate, Phenethyl Alcohol, Ethylhexylglycerin, Panthenol, Fragrance, Citric Acid.<\/li>\n<li>Fabriqu\u00e9 au Canada \u00e0 partir d&#8217;ingr\u00e9dients de la plus haute qualit\u00e9. Doux et respectueux des yeux sensibles. Hypoallerg\u00e9nique.<\/li>\n<li>Nettoie en profondeur les cils. Enl\u00e8ve la salet\u00e9, l&#8217;huile, le maquillage et la poussi\u00e8re.<\/li>\n<li>Flacon pompe auto-moussante qui procure une mousse riche et a\u00e9rienne.<\/li>\n<li>Avec provitamine B5 pour hydrater les cils naturels.<\/li>\n<li>Le format 60 ml offre une agr\u00e9able et d\u00e9licate senteur de gomme balloune, plus le plaisir des sens en prime!<\/li>\n<\/ul>\n","protected":false},"featured_media":2124,"template":"","meta":[],"product_brand":[],"product_cat":[492,493,494,413],"product_tag":[525,526,527,528],"class_list":{"0":"post-2821","1":"product","2":"type-product","3":"status-publish","4":"has-post-thumbnail","6":"product_cat-entretien-des-cils-en","7":"product_cat-maquillage-et-soins-en","8":"product_cat-produits-revente-en","9":"product_cat-tous-les-produits-en","10":"product_tag-nettoyant-extension-de-cils-en","11":"product_tag-nettoyant-extensions-de-cils-en","12":"product_tag-shampoing-pour-extensions-de-cils-en","13":"product_tag-shampoing-pour-les-cils-en","15":"first","16":"instock","17":"sale","18":"taxable","19":"shipping-taxable","20":"purchasable","21":"product-type-simple"},"jetpack_sharing_enabled":true,"_links":{"self":[{"href":"https:\/\/totalextensions.ca\/en\/wp-json\/wp\/v2\/product\/2821","targetHints":{"allow":["GET"]}}],"collection":[{"href":"https:\/\/totalextensions.ca\/en\/wp-json\/wp\/v2\/product"}],"about":[{"href":"https:\/\/totalextensions.ca\/en\/wp-json\/wp\/v2\/types\/product"}],"wp:featuredmedia":[{"embeddable":true,"href":"https:\/\/totalextensions.ca\/en\/wp-json\/wp\/v2\/media\/2124"}],"wp:attachment":[{"href":"https:\/\/totalextensions.ca\/en\/wp-json\/wp\/v2\/media?parent=2821"}],"wp:term":[{"taxonomy":"product_brand","embeddable":true,"href":"https:\/\/totalextensions.ca\/en\/wp-json\/wp\/v2\/product_brand?post=2821"},{"taxonomy":"product_cat","embeddable":true,"href":"https:\/\/totalextensions.ca\/en\/wp-json\/wp\/v2\/product_cat?post=2821"},{"taxonomy":"product_tag","embeddable":true,"href":"https:\/\/totalextensions.ca\/en\/wp-json\/wp\/v2\/product_tag?post=2821"}],"curies":[{"name":"wp","href":"https:\/\/api.w.org\/{rel}","templated":true}]}}