{"id":2811,"date":"2025-05-27T05:06:45","date_gmt":"2025-05-27T05:06:45","guid":{"rendered":"https:\/\/new.totalextensions.ca\/produit\/max-2-original-scellant-protecteur-transparent-pour-extensions-de-cils\/"},"modified":"2025-05-27T05:06:45","modified_gmt":"2025-05-27T05:06:45","slug":"max-2-original-scellant-protecteur-transparent-pour-extensions-de-cils","status":"publish","type":"product","link":"https:\/\/totalextensions.ca\/en\/produit\/max-2-original-scellant-protecteur-transparent-pour-extensions-de-cils\/","title":{"rendered":"Max 2 Original &#8211; Scellant protecteur transparent pour extensions de cils"},"content":{"rendered":"","protected":false},"excerpt":{"rendered":"<p>Scellant et protecteur Max 2 pour extensions de cils<\/p>\n<p>* <span style=\"color: #ff0000\"><strong>Techniciennes<\/strong><\/span>: Inscrivez-vous \u00e0 notre programme <a href=\"https:\/\/www.totalextensionslash.com\/pros-exclusif\/?lang=fr\" target=\"_blank\" rel=\"noopener noreferrer\">PRO EXCLUSIF<\/a> et obtenez vos prix de gros exclusifs (seront d\u00e9bloqu\u00e9s apr\u00e8s l&#8217;inscription compl\u00e8te) + des escomptes de quantit\u00e9 suppl\u00e9mentaires sur ce produit\u00a0 (15% de rabais suppl\u00e9mentaire \u00e0 l&#8217;achat de 12 unit\u00e9s et + ou 5% de rabais suppl\u00e9mentaire \u00e0 l&#8217;achat de 6-11 unit\u00e9s).<\/p>\n<p>Prot\u00e8ge les extensions de cils contre l&#8217;humidit\u00e9, l&#8217;huile \/ le s\u00e9bum, la poussi\u00e8re, la transpiration et le maquillage. Cette formule sp\u00e9cialis\u00e9e fa\u00e7onne et maintient les extensions de cils dans la bonne position. Augmente la r\u00e9sistance et la durabilit\u00e9 des extensions de cils.<\/p>\n<p>Format : 10 ml<\/p>\n<ul>\n<li>Prolonge la vie des extensions de cils<\/li>\n<li>Ingr\u00e9dients: Eau, Ptfe, Alcool<\/li>\n<li>Excellent article \u00e0 proposer \u00e0 vos clientes comme produit revente afin de les aider \u00e0 pr\u00e9server leurs extensions et les conserver plus belles, plus longtemps.<\/li>\n<li>Aide la colle \u00e0 s\u00e9cher et scelle les extensions de cils pour les prot\u00e9ger.<\/li>\n<li>Comment l&#8217;utiliser : Appliquez une couche 10 minutes apr\u00e8s la pose d&#8217;extension de cils. Appliquez de nouveau sur les cils tous les jours, seul ou sous le maquillage. Appliquez une petite quantit\u00e9 des racines aux pointes et brossez bien pour \u00e9viter les grumeaux ou accumulations.<\/li>\n<\/ul>\n","protected":false},"featured_media":2104,"template":"","meta":[],"product_brand":[],"product_cat":[413],"product_tag":[500,501,502,503,504,434],"class_list":{"0":"post-2811","1":"product","2":"type-product","3":"status-publish","4":"has-post-thumbnail","6":"product_cat-tous-les-produits-en","7":"product_tag-cils-max-2-en","8":"product_tag-max-2-en","9":"product_tag-max-2-original-en","10":"product_tag-protecteur-extensions-de-cils-en","11":"product_tag-protecteur-pour-extensions-de-cils-en","12":"product_tag-scellant-extensions-de-cils-en","13":"pa_color-transparent-en","15":"first","16":"outofstock","17":"taxable","18":"shipping-taxable","19":"product-type-simple"},"jetpack_sharing_enabled":true,"_links":{"self":[{"href":"https:\/\/totalextensions.ca\/en\/wp-json\/wp\/v2\/product\/2811","targetHints":{"allow":["GET"]}}],"collection":[{"href":"https:\/\/totalextensions.ca\/en\/wp-json\/wp\/v2\/product"}],"about":[{"href":"https:\/\/totalextensions.ca\/en\/wp-json\/wp\/v2\/types\/product"}],"wp:featuredmedia":[{"embeddable":true,"href":"https:\/\/totalextensions.ca\/en\/wp-json\/wp\/v2\/media\/2104"}],"wp:attachment":[{"href":"https:\/\/totalextensions.ca\/en\/wp-json\/wp\/v2\/media?parent=2811"}],"wp:term":[{"taxonomy":"product_brand","embeddable":true,"href":"https:\/\/totalextensions.ca\/en\/wp-json\/wp\/v2\/product_brand?post=2811"},{"taxonomy":"product_cat","embeddable":true,"href":"https:\/\/totalextensions.ca\/en\/wp-json\/wp\/v2\/product_cat?post=2811"},{"taxonomy":"product_tag","embeddable":true,"href":"https:\/\/totalextensions.ca\/en\/wp-json\/wp\/v2\/product_tag?post=2811"}],"curies":[{"name":"wp","href":"https:\/\/api.w.org\/{rel}","templated":true}]}}