{"id":2756,"date":"2025-05-27T05:07:31","date_gmt":"2025-05-27T05:07:31","guid":{"rendered":"https:\/\/new.totalextensions.ca\/produit\/royal-lashes-ellipse\/"},"modified":"2025-05-27T05:07:31","modified_gmt":"2025-05-27T05:07:31","slug":"royal-lashes-ellipse","status":"publish","type":"product","link":"https:\/\/totalextensions.ca\/en\/produit\/royal-lashes-ellipse\/","title":{"rendered":"Royal Lashes Ellipse"},"content":{"rendered":"","protected":false},"excerpt":{"rendered":"<p>Les extensions de cils en soie ROYAL Lash ELLIPSE par Total Extensions sont exactement le type d\u2019extensions de cils que vous recherchez.<\/p>\n<p>Dites bonjour \u00e0 un mat\u00e9riel haut de gamme doux, l\u00e9ger et naturel qui est \u00e9galement tr\u00e8s facile \u00e0 travailler!<\/p>\n<p>Vous obtiendrez les plus magnifiques poses et aussi les plus rapides jamais cr\u00e9\u00e9es!<\/p>\n<ul>\n<li>Mat\u00e9riel en soie de la plus haute qualit\u00e9 : faits \u00e0 la main, doux, l\u00e9gers, v\u00e9g\u00e9taliens, faciles \u00e0 utiliser pour tous les types de poses.<\/li>\n<li>Ces extensions de cils garderont leur courbe sans aucun souci !!<\/li>\n<li>Deux fois plus minces que les extensions r\u00e9guli\u00e8res, elles sont plus l\u00e9g\u00e8res pour le cil naturel.<\/li>\n<li>Leur surface plate permet une meilleur adh\u00e9sion au cil naturel (plus grande surface de contact).<\/li>\n<li>Prise des extensions facile. Ultra-rapide \u00e0 saisir, vous adorerez votre travail tous les jours!<\/li>\n<li>Ils sont parfaits pour tous les niveaux de technicienne (d\u00e9butante \u00e0 experte) qui recherchent des poses rapides et faciles \u00e0 r\u00e9aliser.<\/li>\n<li>Vos clientes seront enchant\u00e9es par leurs cils. Ils ont une apparence naturelle (ils n\u2019auront jamais l\u2019air faux) et ils sont ultra-confortables (pas de sensation de porter quelque chose d\u2019\u00e9tranger) \u00e0 porter.<\/li>\n<li>Ils sont parfaits pour cr\u00e9er tout type de pose, y compris les plus naturelles et les plus glamour!<\/li>\n<\/ul>\n","protected":false},"featured_media":2152,"template":"","meta":[],"product_brand":[],"product_cat":[412,413],"product_tag":[438,439,441,481,442,443,482,445,447,483,484],"class_list":{"0":"post-2756","1":"product","2":"type-product","3":"status-publish","4":"has-post-thumbnail","6":"product_cat-extensions-de-cils-en","7":"product_cat-tous-les-produits-en","8":"product_tag-boitier-cils-en","9":"product_tag-boitier-extensions-de-cils-en","10":"product_tag-cils-de-couleur-en","11":"product_tag-cils-ellipse-en","12":"product_tag-courbe-c-en","13":"product_tag-courbe-d-en","14":"product_tag-extension-cil-ellipse-en","15":"product_tag-extensions-de-cils-en","16":"product_tag-extensions-de-cils-de-couleur-en","17":"product_tag-extensions-de-cils-ellipse-en","18":"product_tag-extensions-ellipse-en","19":"pa_curl-c-en","20":"pa_curl-d-en","21":"pa_curl-dd-en","22":"pa_lenght-10-mm-en","23":"pa_lenght-12-mm-en","24":"pa_lenght-13-mm-en","25":"pa_lenght-14-mm-en","26":"pa_lenght-15-mm-en","27":"pa_lenght-8-mm-en","28":"pa_lenght-mix-en","29":"pa_thickness-0-20-mm-en","31":"first","32":"instock","33":"sale","34":"taxable","35":"shipping-taxable","36":"purchasable","37":"product-type-variable","38":"rtwpvs-product"},"jetpack_sharing_enabled":true,"_links":{"self":[{"href":"https:\/\/totalextensions.ca\/en\/wp-json\/wp\/v2\/product\/2756","targetHints":{"allow":["GET"]}}],"collection":[{"href":"https:\/\/totalextensions.ca\/en\/wp-json\/wp\/v2\/product"}],"about":[{"href":"https:\/\/totalextensions.ca\/en\/wp-json\/wp\/v2\/types\/product"}],"wp:featuredmedia":[{"embeddable":true,"href":"https:\/\/totalextensions.ca\/en\/wp-json\/wp\/v2\/media\/2152"}],"wp:attachment":[{"href":"https:\/\/totalextensions.ca\/en\/wp-json\/wp\/v2\/media?parent=2756"}],"wp:term":[{"taxonomy":"product_brand","embeddable":true,"href":"https:\/\/totalextensions.ca\/en\/wp-json\/wp\/v2\/product_brand?post=2756"},{"taxonomy":"product_cat","embeddable":true,"href":"https:\/\/totalextensions.ca\/en\/wp-json\/wp\/v2\/product_cat?post=2756"},{"taxonomy":"product_tag","embeddable":true,"href":"https:\/\/totalextensions.ca\/en\/wp-json\/wp\/v2\/product_tag?post=2756"}],"curies":[{"name":"wp","href":"https:\/\/api.w.org\/{rel}","templated":true}]}}