{"id":2749,"date":"2025-05-27T05:07:44","date_gmt":"2025-05-27T05:07:44","guid":{"rendered":"https:\/\/new.totalextensions.ca\/produit\/total-lash-couleur-d-0-05-extensions-de-cils-mauve-ou-bleu\/"},"modified":"2025-10-14T19:16:48","modified_gmt":"2025-10-14T19:16:48","slug":"total-lash-couleur-d-0-05-extensions-de-cils-mauve-ou-bleu","status":"publish","type":"product","link":"https:\/\/totalextensions.ca\/en\/produit\/total-lash-couleur-d-0-05-extensions-de-cils-mauve-ou-bleu\/","title":{"rendered":"Total Lash Couleur"},"content":{"rendered":"","protected":false},"excerpt":{"rendered":"<p>**10% DE RABAIS \u00c0 L\u2019ACHAT DE 8 BO\u00ceTIERS OU + de la gamme <strong>TOTAL LASH<\/strong>.<\/p>\n<p>Les extensions de cils en soie TOTAL LASH COULEUR par Total Extensions sont exactement le type d\u2019extensions de cils que vous recherchez.<\/p>\n<p><strong>**D 0.05:\u00a0<\/strong><\/p>\n<p>Dites bonjour \u00e0 un mat\u00e9riel haut de gamme doux, l\u00e9ger et naturel qui est \u00e9galement tr\u00e8s facile \u00e0 travailler!<\/p>\n<p>Vous obtiendrez les plus magnifiques poses ultra-color\u00e9es ou avec une touche de couleur, et aussi les plus rapides jamais cr\u00e9\u00e9es!<\/p>\n<ul>\n<li>Mat\u00e9riel en soie de la plus haute qualit\u00e9 : faits \u00e0 la main, doux, l\u00e9gers, v\u00e9g\u00e9taliens, faciles \u00e0 utiliser pour tous les types de poses.<\/li>\n<li>16 rang\u00e9es par bo\u00eetier.<\/li>\n<li>Ces extensions de cils garderont leur courbe sans aucun souci !!<\/li>\n<li>S\u00e9lection des couleurs les plus populaires pour les envies color\u00e9es de vos clientes!<\/li>\n<li>Prise des extensions facile. Ultra-rapide \u00e0 saisir, vous adorerez votre travail tous les jours!<\/li>\n<li>Ils sont parfaits pour tous les niveaux de technicienne (d\u00e9butante \u00e0 experte) qui recherchent des poses rapides et faciles \u00e0 r\u00e9aliser.<\/li>\n<li>Vos clientes seront enchant\u00e9es par leurs cils. Ils ont une apparence naturelle (ils n\u2019auront jamais l\u2019air faux) et ils sont ultra-confortables (pas de sensation de porter quelque chose d\u2019\u00e9tranger) \u00e0 porter.<\/li>\n<li>Ils sont parfaits pour cr\u00e9er tout type de pose, y compris les plus naturelles et les plus glamour!<\/li>\n<\/ul>\n","protected":false},"featured_media":2234,"template":"","meta":[],"product_brand":[],"product_cat":[412,413],"product_tag":[438,439,486,441,487,442,443,445,488,447,489],"class_list":{"0":"post-2749","1":"product","2":"type-product","3":"status-publish","4":"has-post-thumbnail","6":"product_cat-extensions-de-cils-en","7":"product_cat-tous-les-produits-en","8":"product_tag-boitier-cils-en","9":"product_tag-boitier-extensions-de-cils-en","10":"product_tag-cils-bleus-en","11":"product_tag-cils-de-couleur-en","12":"product_tag-cils-mauve-en","13":"product_tag-courbe-c-en","14":"product_tag-courbe-d-en","15":"product_tag-extensions-de-cils-en","16":"product_tag-extensions-de-cils-bleues-en","17":"product_tag-extensions-de-cils-de-couleur-en","18":"product_tag-extensions-de-cils-mauve-en","19":"pa_color-bleu-en","20":"pa_color-brun-en","21":"pa_color-mauve-en","22":"pa_color-rose-en","23":"pa_color-vert-en","24":"pa_lenght-10-mm-en","25":"pa_lenght-11-mm-en","26":"pa_lenght-12-mm-en","27":"pa_lenght-13-mm-en","28":"pa_lenght-14-mm-en","29":"pa_lenght-15-mm-en","30":"pa_lenght-6-mm-en","31":"pa_lenght-7-mm-en","32":"pa_lenght-8-mm-en","33":"pa_lenght-9-mm-en","34":"pa_lenght-mix-en","36":"first","37":"instock","38":"taxable","39":"shipping-taxable","40":"purchasable","41":"product-type-variable","42":"rtwpvs-product"},"jetpack_sharing_enabled":true,"_links":{"self":[{"href":"https:\/\/totalextensions.ca\/en\/wp-json\/wp\/v2\/product\/2749","targetHints":{"allow":["GET"]}}],"collection":[{"href":"https:\/\/totalextensions.ca\/en\/wp-json\/wp\/v2\/product"}],"about":[{"href":"https:\/\/totalextensions.ca\/en\/wp-json\/wp\/v2\/types\/product"}],"wp:featuredmedia":[{"embeddable":true,"href":"https:\/\/totalextensions.ca\/en\/wp-json\/wp\/v2\/media\/2234"}],"wp:attachment":[{"href":"https:\/\/totalextensions.ca\/en\/wp-json\/wp\/v2\/media?parent=2749"}],"wp:term":[{"taxonomy":"product_brand","embeddable":true,"href":"https:\/\/totalextensions.ca\/en\/wp-json\/wp\/v2\/product_brand?post=2749"},{"taxonomy":"product_cat","embeddable":true,"href":"https:\/\/totalextensions.ca\/en\/wp-json\/wp\/v2\/product_cat?post=2749"},{"taxonomy":"product_tag","embeddable":true,"href":"https:\/\/totalextensions.ca\/en\/wp-json\/wp\/v2\/product_tag?post=2749"}],"curies":[{"name":"wp","href":"https:\/\/api.w.org\/{rel}","templated":true}]}}