{"id":2616,"date":"2025-05-27T05:08:13","date_gmt":"2025-05-27T05:08:13","guid":{"rendered":"https:\/\/new.totalextensions.ca\/produit\/total-lash-volume-boitier-dextensions-de-cils-en-soie\/"},"modified":"2025-10-14T18:17:35","modified_gmt":"2025-10-14T18:17:35","slug":"total-lash-volume-boitier-dextensions-de-cils-en-soie","status":"publish","type":"product","link":"https:\/\/totalextensions.ca\/en\/produit\/total-lash-volume-boitier-dextensions-de-cils-en-soie\/","title":{"rendered":"Total Lash Volume"},"content":{"rendered":"","protected":false},"excerpt":{"rendered":"<p><span style=\"color: #ff0000;\"><strong>**10% DE RABAIS \u00c0 L&#8217;ACHAT DE 8 BO\u00ceTIERS TOTAL LASH OU + lors du passage \u00e0 la caisse!**<\/strong><\/span> Les extensions de cils en soie TOTAL LASH par Total Extensions sont exactement le type d\u2019extensions de cils que vous recherchez. Dites bonjour \u00e0 un mat\u00e9riel haut de gamme ultra-doux, l\u00e9ger et naturel qui est \u00e9galement tr\u00e8s facile \u00e0 travailler! ENFIN, des cils volume dont les bouquets se cr\u00e9ent presque tous seuls! On aime! Vous obtiendrez les plus magnifiques poses et aussi les plus rapides jamais cr\u00e9\u00e9es! -Format : Une longueur par bo\u00eetier + 16 rang\u00e9es au total par bo\u00eetier.<\/p>\n<ul>\n<li><span style=\"color: #ff0000;\"><strong>Options disponibles<\/strong><\/span> : <strong>C 0.03<\/strong> de 7 \u00e0 14 mm, <strong>D 0.03<\/strong> de 7 \u00e0 13 mm + MIX 7-14 mm, <strong>C 0.05<\/strong>\u00a0de 6 \u00e0 14 mm,<strong> D 0.05<\/strong> de 6 \u00e0 15 mm + MIX 7-14, <strong>O 0.05<\/strong> de 9 \u00e0 15 mm + MIX 7-14 mm, <strong>L 0.05<\/strong>\u00a0 14 mm + MIX 7-14,\u00a0<strong>LC 0.05<\/strong> de\u00a0 7 \u00e0 13 mm + MIX 7-14, <strong>LD 0.05<\/strong> de 7 \u00e0 13 mm + MIX 7-14, <strong>C 0.07<\/strong> de 7 \u00e0 13 mm, <strong>D 0.07<\/strong> de 7 \u00e0 15 mm, <strong>O 0.07 <\/strong>de 9 \u00e0 15 mm + MIX 7-14 mm, <strong>LC 0.07<\/strong> MIX 7-14, <strong>LD 0.07<\/strong> MIX 7-14 et <strong>D 0.10<\/strong> de 9 \u00e0 13 mm + MIX 7-14 mm.<\/li>\n<li>Mat\u00e9riel en soie de la plus haute qualit\u00e9 : faits \u00e0 la main, doux, l\u00e9gers, v\u00e9g\u00e9taliens, faciles \u00e0 utiliser pour tous les types de poses volume.<\/li>\n<li>Ces extensions de cils garderont leur courbe sans aucun souci !!<\/li>\n<li>Cr\u00e9ez de beaux bouquets\/\u00e9ventails\/ fans en moins de temps qu\u2019il ne faut pour y penser, avec nos cils volume faciles \u00e0 travailler. Leur base a \u00e9t\u00e9 con\u00e7ue pour ouvrir rapidement vos \u00e9ventails\/bouquets sans se d\u00e9faire et sans aucune s\u00e9paration.<\/li>\n<li>Ils sont parfaits pour tous les niveaux de technicienne (d\u00e9butante \u00e0 experte) qui recherchent des poses volume faciles et rapides.<\/li>\n<li>Vos clientes seront enchant\u00e9es par leurs cils. Ils ont une apparence naturelle (ils n\u2019auront jamais l\u2019air faux) et ils sont ultra-confortables (pas de sensation de porter quelque chose d\u2019\u00e9tranger) \u00e0 porter.<\/li>\n<li>Ils sont parfaits pour cr\u00e9er tout type de pose, y compris les plus naturelles et les plus glamour!<\/li>\n<\/ul>\n","protected":false},"featured_media":2276,"template":"","meta":[],"product_brand":[],"product_cat":[412,413],"product_tag":[438,439,440,441,442,443,444,445,446,447,448,449],"class_list":{"0":"post-2616","1":"product","2":"type-product","3":"status-publish","4":"has-post-thumbnail","6":"product_cat-extensions-de-cils-en","7":"product_cat-tous-les-produits-en","8":"product_tag-boitier-cils-en","9":"product_tag-boitier-extensions-de-cils-en","10":"product_tag-cils-colores-en","11":"product_tag-cils-de-couleur-en","12":"product_tag-courbe-c-en","13":"product_tag-courbe-d-en","14":"product_tag-courbe-o-en","15":"product_tag-extensions-de-cils-en","16":"product_tag-extensions-de-cils-colores-en","17":"product_tag-extensions-de-cils-de-couleur-en","18":"product_tag-pose-volume-en","19":"product_tag-volume-russe-en","20":"pa_curl-c-en","21":"pa_curl-d-en","22":"pa_curl-l-en","23":"pa_curl-lc-en","24":"pa_curl-ld-en","25":"pa_curl-o-en","26":"pa_curl-y-en","27":"pa_lenght-10-mm-en","28":"pa_lenght-11-mm-en","29":"pa_lenght-12-mm-en","30":"pa_lenght-13-mm-en","31":"pa_lenght-14-mm-en","32":"pa_lenght-15-mm-en","33":"pa_lenght-6-mm-en","34":"pa_lenght-7-mm-en","35":"pa_lenght-8-mm-en","36":"pa_lenght-9-mm-en","37":"pa_lenght-mix-en","38":"pa_thickness-0-03-mm-en","39":"pa_thickness-0-05-mm-en","40":"pa_thickness-0-07-mm-en","41":"pa_thickness-0-10-mm-en","43":"first","44":"instock","45":"featured","46":"taxable","47":"shipping-taxable","48":"purchasable","49":"product-type-variable","50":"rtwpvs-product"},"jetpack_sharing_enabled":true,"_links":{"self":[{"href":"https:\/\/totalextensions.ca\/en\/wp-json\/wp\/v2\/product\/2616","targetHints":{"allow":["GET"]}}],"collection":[{"href":"https:\/\/totalextensions.ca\/en\/wp-json\/wp\/v2\/product"}],"about":[{"href":"https:\/\/totalextensions.ca\/en\/wp-json\/wp\/v2\/types\/product"}],"wp:featuredmedia":[{"embeddable":true,"href":"https:\/\/totalextensions.ca\/en\/wp-json\/wp\/v2\/media\/2276"}],"wp:attachment":[{"href":"https:\/\/totalextensions.ca\/en\/wp-json\/wp\/v2\/media?parent=2616"}],"wp:term":[{"taxonomy":"product_brand","embeddable":true,"href":"https:\/\/totalextensions.ca\/en\/wp-json\/wp\/v2\/product_brand?post=2616"},{"taxonomy":"product_cat","embeddable":true,"href":"https:\/\/totalextensions.ca\/en\/wp-json\/wp\/v2\/product_cat?post=2616"},{"taxonomy":"product_tag","embeddable":true,"href":"https:\/\/totalextensions.ca\/en\/wp-json\/wp\/v2\/product_tag?post=2616"}],"curies":[{"name":"wp","href":"https:\/\/api.w.org\/{rel}","templated":true}]}}