{"id":2614,"date":"2025-05-27T05:09:14","date_gmt":"2025-05-27T05:09:14","guid":{"rendered":"https:\/\/new.totalextensions.ca\/produit\/zipncils-scellant-professionnel-pour-extensions-de-cils\/"},"modified":"2025-05-27T05:09:14","modified_gmt":"2025-05-27T05:09:14","slug":"zipncils-scellant-professionnel-pour-extensions-de-cils","status":"publish","type":"product","link":"https:\/\/totalextensions.ca\/en\/produit\/zipncils-scellant-professionnel-pour-extensions-de-cils\/","title":{"rendered":"Zip&#8217;n&#8217;Cils &#8211; Scellant Professionnel pour Extensions de cils"},"content":{"rendered":"","protected":false},"excerpt":{"rendered":"<p>Zip&#8217;n&#8217;Cils est un scellant pour extensions de cils, con\u00e7u pour un usage professionnel uniquement. Pas besoin de l&#8217;appliquer sur tous les cils, quelques gouttes suffisent pour \u00eatre \u00e9tonn\u00e9 par ses performances:<\/p>\n<ul>\n<li>Il augmente la r\u00e9tention de la colle et la tenue de l&#8217;extension des cils de 300%<\/li>\n<li>La colle s\u00e8che instantan\u00e9ment = Moins d&#8217;irritation et moins de vapeurs de colle pour vos clientes.<\/li>\n<li>Zip&#8217;n&#8217;Cils est un incontournable pour des extensions de cils plus durables.<br \/>\nIl est rapide et facile \u00e0 utiliser!<\/li>\n<li>Vos rendez-vous de remplissage seront beaucoup plus rapides et vos clients seront plus qu&#8217;heureuses!<\/li>\n<li>COMMENT L&#8217;UTILISER? D\u00e9poser une goutte de Zip\u2019n\u2019Cils sur une microbrosse, appliquer sur les points de colle, \u00e0 la base des extensions une fois la pose termin\u00e9e, puis s\u00e9cher \u00e0 l\u2019aide d\u2019un ventilateur. Ne pas m\u00e9langer avec la colle. Ne pas conserver pr\u00e8s de la colle.<\/li>\n<\/ul>\n","protected":false},"featured_media":2407,"template":"","meta":[],"product_brand":[],"product_cat":[431,413],"product_tag":[432,433,434,435,436],"class_list":{"0":"post-2614","1":"product","2":"type-product","3":"status-publish","4":"has-post-thumbnail","6":"product_cat-colles-preparateurs-et-dissolvants-en","7":"product_cat-tous-les-produits-en","8":"product_tag-appret-extensions-de-cils-en","9":"product_tag-durcisseur-colle-cils-en","10":"product_tag-scellant-extensions-de-cils-en","11":"product_tag-scellant-pour-ciils-en","12":"product_tag-scellant-pour-extensions-de-cils-en","13":"product_shipping_class-petit-en","15":"first","16":"instock","17":"taxable","18":"shipping-taxable","19":"purchasable","20":"product-type-simple"},"jetpack_sharing_enabled":true,"_links":{"self":[{"href":"https:\/\/totalextensions.ca\/en\/wp-json\/wp\/v2\/product\/2614","targetHints":{"allow":["GET"]}}],"collection":[{"href":"https:\/\/totalextensions.ca\/en\/wp-json\/wp\/v2\/product"}],"about":[{"href":"https:\/\/totalextensions.ca\/en\/wp-json\/wp\/v2\/types\/product"}],"wp:featuredmedia":[{"embeddable":true,"href":"https:\/\/totalextensions.ca\/en\/wp-json\/wp\/v2\/media\/2407"}],"wp:attachment":[{"href":"https:\/\/totalextensions.ca\/en\/wp-json\/wp\/v2\/media?parent=2614"}],"wp:term":[{"taxonomy":"product_brand","embeddable":true,"href":"https:\/\/totalextensions.ca\/en\/wp-json\/wp\/v2\/product_brand?post=2614"},{"taxonomy":"product_cat","embeddable":true,"href":"https:\/\/totalextensions.ca\/en\/wp-json\/wp\/v2\/product_cat?post=2614"},{"taxonomy":"product_tag","embeddable":true,"href":"https:\/\/totalextensions.ca\/en\/wp-json\/wp\/v2\/product_tag?post=2614"}],"curies":[{"name":"wp","href":"https:\/\/api.w.org\/{rel}","templated":true}]}}